{"id":110,"date":"2025-06-26T17:06:50","date_gmt":"2025-06-26T15:06:50","guid":{"rendered":"https:\/\/enseigner-dev.uqat.ca\/?page_id=110"},"modified":"2025-12-23T15:53:31","modified_gmt":"2025-12-23T14:53:31","slug":"nous-joindre","status":"publish","type":"page","link":"https:\/\/enseigner.uqat.ca\/?page_id=110","title":{"rendered":"Nous joindre"},"content":{"rendered":"\t\t<div data-elementor-type=\"wp-page\" data-elementor-id=\"110\" class=\"elementor elementor-110\" data-elementor-post-type=\"page\">\n\t\t\t\t<div class=\"elementor-element elementor-element-2fd8b7e e-flex e-con-boxed e-con e-parent\" data-id=\"2fd8b7e\" data-element_type=\"container\" data-e-type=\"container\">\n\t\t\t\t\t<div class=\"e-con-inner\">\n\t\t<div class=\"elementor-element elementor-element-078fd96 e-con-full e-flex e-con e-child\" data-id=\"078fd96\" data-element_type=\"container\" data-e-type=\"container\">\n\t\t\t\t<div class=\"elementor-element elementor-element-1dbbfa7 elementor-widget elementor-widget-heading\" data-id=\"1dbbfa7\" data-element_type=\"widget\" data-e-type=\"widget\" data-widget_type=\"heading.default\">\n\t\t\t\t<div class=\"elementor-widget-container\">\n\t\t\t\t\t<h2 class=\"elementor-heading-title elementor-size-default\">Nos coordonn\u00e9es<\/h2>\t\t\t\t<\/div>\n\t\t\t\t<\/div>\n\t\t\t\t<div class=\"elementor-element elementor-element-446d13b elementor-widget elementor-widget-text-editor\" data-id=\"446d13b\" data-element_type=\"widget\" data-e-type=\"widget\" data-widget_type=\"text-editor.default\">\n\t\t\t\t<div class=\"elementor-widget-container\">\n\t\t\t\t\t\t\t\t\t<div id=\"yui_3_17_2_1_1751565185872_22\" class=\"theme-text\"><div id=\"yui_3_17_2_1_1751565185872_21\" class=\"theme-text-inner align-none text- rounded0 gradient0 light\"><div id=\"yui_3_17_2_1_1751565185872_20\" class=\"theme-text-text upper0 fwglobal lhglobal\"><p>Pour du soutien concernant les plateformes p\u00e9dagogiques :<\/p><ul><li><strong>T\u00e9l\u00e9phone :<\/strong>\u00a0819 762-0971, poste 2331<\/li><li><strong>Sans frais : <\/strong>1\u00a0 877 870-8728, poste 2331<\/li><li><strong>Courriel :<\/strong> <a class=\"active\" href=\"mailto:assistance-spufad@uqat.ca\">assistance-spufad@uqat.ca<\/a><\/li><\/ul><p>Pour toute autre demande :<\/p><ul><li><strong>T\u00e9l\u00e9phone :<\/strong>\u00a0819 762-0971, poste 2780<\/li><li><strong>Sans frais : <\/strong>1\u00a0 877 870-8728, poste 2780<\/li><li><strong>Courriel :<\/strong> <a href=\"mailto:spufad@uqat.ca\">spufad@uqat.ca<\/a><\/li><\/ul><\/div><\/div><\/div>\t\t\t\t\t\t\t\t<\/div>\n\t\t\t\t<\/div>\n\t\t\t\t<\/div>\n\t\t<div class=\"elementor-element elementor-element-7c3e728 e-con-full e-flex e-con e-child\" data-id=\"7c3e728\" data-element_type=\"container\" data-e-type=\"container\">\n\t\t\t\t<div class=\"elementor-element elementor-element-e52bffc elementor-widget elementor-widget-heading\" data-id=\"e52bffc\" data-element_type=\"widget\" data-e-type=\"widget\" data-widget_type=\"heading.default\">\n\t\t\t\t<div class=\"elementor-widget-container\">\n\t\t\t\t\t<h2 class=\"elementor-heading-title elementor-size-default\">Envoyez-nous un message<\/h2>\t\t\t\t<\/div>\n\t\t\t\t<\/div>\n\t\t\t\t<div class=\"elementor-element elementor-element-bba9099 elementor-button-align-stretch elementor-widget elementor-widget-form\" data-id=\"bba9099\" data-element_type=\"widget\" data-e-type=\"widget\" data-settings=\"{&quot;step_next_label&quot;:&quot;Suivant&quot;,&quot;step_previous_label&quot;:&quot;Pr\\u00e9c\\u00e9dent&quot;,&quot;button_width&quot;:&quot;100&quot;,&quot;step_type&quot;:&quot;number_text&quot;,&quot;step_icon_shape&quot;:&quot;circle&quot;}\" data-widget_type=\"form.default\">\n\t\t\t\t<div class=\"elementor-widget-container\">\n\t\t\t\t\t\t\t<form class=\"elementor-form\" method=\"post\" name=\"Nouveau formulaire\" aria-label=\"Nouveau formulaire\">\n\t\t\t<input type=\"hidden\" name=\"post_id\" value=\"110\"\/>\n\t\t\t<input type=\"hidden\" name=\"form_id\" value=\"bba9099\"\/>\n\t\t\t<input type=\"hidden\" name=\"referer_title\" value=\"Nous joindre\" \/>\n\n\t\t\t\t\t\t\t<input type=\"hidden\" name=\"queried_id\" value=\"110\"\/>\n\t\t\t\n\t\t\t<div class=\"elementor-form-fields-wrapper elementor-labels-above\">\n\t\t\t\t\t\t\t\t<div class=\"elementor-field-type-text elementor-field-group elementor-column elementor-field-group-name elementor-col-100\">\n\t\t\t\t\t\t\t\t\t\t\t\t<label for=\"form-field-name\" class=\"elementor-field-label\">\n\t\t\t\t\t\t\t\tNom\t\t\t\t\t\t\t<\/label>\n\t\t\t\t\t\t\t\t\t\t\t\t\t\t<input size=\"1\" type=\"text\" name=\"form_fields[name]\" id=\"form-field-name\" class=\"elementor-field elementor-size-sm  elementor-field-textual\" placeholder=\"Votre nom\">\n\t\t\t\t\t\t\t\t\t\t\t<\/div>\n\t\t\t\t\t\t\t\t<div class=\"elementor-field-type-email elementor-field-group elementor-column elementor-field-group-email elementor-col-100 elementor-field-required\">\n\t\t\t\t\t\t\t\t\t\t\t\t<label for=\"form-field-email\" class=\"elementor-field-label\">\n\t\t\t\t\t\t\t\tCourriel\t\t\t\t\t\t\t<\/label>\n\t\t\t\t\t\t\t\t\t\t\t\t\t\t<input size=\"1\" type=\"email\" name=\"form_fields[email]\" id=\"form-field-email\" class=\"elementor-field elementor-size-sm  elementor-field-textual\" placeholder=\"Votre adresse courriel\" required=\"required\">\n\t\t\t\t\t\t\t\t\t\t\t<\/div>\n\t\t\t\t\t\t\t\t<div class=\"elementor-field-type-textarea elementor-field-group elementor-column elementor-field-group-message elementor-col-100 elementor-field-required\">\n\t\t\t\t\t\t\t\t\t\t\t\t<label for=\"form-field-message\" class=\"elementor-field-label\">\n\t\t\t\t\t\t\t\tMessage\t\t\t\t\t\t\t<\/label>\n\t\t\t\t\t\t<textarea class=\"elementor-field-textual elementor-field  elementor-size-sm\" name=\"form_fields[message]\" id=\"form-field-message\" rows=\"1\" placeholder=\"Message\" required=\"required\"><\/textarea>\t\t\t\t<\/div>\n\t\t\t\t\t\t\t\t<div class=\"elementor-field-group elementor-column elementor-field-type-submit elementor-col-100 e-form__buttons\">\n\t\t\t\t\t<button class=\"elementor-button elementor-size-sm\" type=\"submit\">\n\t\t\t\t\t\t<span class=\"elementor-button-content-wrapper\">\n\t\t\t\t\t\t\t\t\t\t\t\t\t\t\t\t\t\t\t\t\t\t<span class=\"elementor-button-text\">Envoyer<\/span>\n\t\t\t\t\t\t\t\t\t\t\t\t\t<\/span>\n\t\t\t\t\t<\/button>\n\t\t\t\t<\/div>\n\t\t\t<\/div>\n\t\t<\/form>\n\t\t\t\t\t\t<\/div>\n\t\t\t\t<\/div>\n\t\t\t\t<\/div>\n\t\t\t\t\t<\/div>\n\t\t\t\t<\/div>\n\t\t<div class=\"elementor-element elementor-element-a7a70da e-flex e-con-boxed e-con e-parent\" data-id=\"a7a70da\" data-element_type=\"container\" data-e-type=\"container\">\n\t\t\t\t\t<div class=\"e-con-inner\">\n\t\t<div class=\"elementor-element elementor-element-01d0100 e-con-full e-flex e-con e-child\" data-id=\"01d0100\" data-element_type=\"container\" data-e-type=\"container\" data-settings=\"{&quot;background_background&quot;:&quot;classic&quot;}\">\n\t\t\t\t<div class=\"elementor-element elementor-element-bf3ca36 elementor-widget elementor-widget-text-editor\" data-id=\"bf3ca36\" data-element_type=\"widget\" data-e-type=\"widget\" data-widget_type=\"text-editor.default\">\n\t\t\t\t<div class=\"elementor-widget-container\">\n\t\t\t\t\t\t\t\t\t<h3>Probl\u00e8me technique<\/h3><p>Vous constatez un probl\u00e8me technique ou un bris d\u2019\u00e9quipement technologique? \u00c9crivez au Service des technologies de l\u2019information (STI) \u00e0 <a href=\"mailto:2525@uqat.ca\">2525@uqat.ca<\/a>.<\/p><p>Pour une assistance imm\u00e9diate en classe, composez le poste 2424 depuis le t\u00e9l\u00e9phone du local afin de joindre un membre de l\u2019\u00e9quipe du STI.<\/p>\t\t\t\t\t\t\t\t<\/div>\n\t\t\t\t<\/div>\n\t\t\t\t<\/div>\n\t\t<div class=\"elementor-element elementor-element-f2b1aff e-con-full e-flex e-con e-child\" data-id=\"f2b1aff\" data-element_type=\"container\" data-e-type=\"container\" data-settings=\"{&quot;background_background&quot;:&quot;classic&quot;}\">\n\t\t\t\t<div class=\"elementor-element elementor-element-5d6028d elementor-widget elementor-widget-text-editor\" data-id=\"5d6028d\" data-element_type=\"widget\" data-e-type=\"widget\" data-widget_type=\"text-editor.default\">\n\t\t\t\t<div class=\"elementor-widget-container\">\n\t\t\t\t\t\t\t\t\t<h3>Am\u00e9nagement des salles de classe<\/h3><p>Vous constatez un besoin de r\u00e9paration ou d\u2019entretien dans votre local (ex. mobilier bris\u00e9, luminaire d\u00e9fectueux, etc.)? \u00c9crivez au Service des immeubles \u00e0 <a href=\"mailto:service.immeubles@uqat.ca\">service.immeubles@uqat.ca<\/a>.<\/p><p>Vous avez des suggestions d\u2019am\u00e9lioration concernant l\u2019am\u00e9nagement des salles de classe? Contactez notre charg\u00e9 de projet en am\u00e9nagement technop\u00e9dagogique des salles d\u2019enseignement \u00e0 <a href=\"mailto:phelix.bussiere@uqat.ca\">phelix.bussiere@uqat.ca<\/a>.<\/p>\t\t\t\t\t\t\t\t<\/div>\n\t\t\t\t<\/div>\n\t\t\t\t<\/div>\n\t\t\t\t\t<\/div>\n\t\t\t\t<\/div>\n\t\t<div class=\"elementor-element elementor-element-bca04f1 e-flex e-con-boxed e-con e-parent\" data-id=\"bca04f1\" data-element_type=\"container\" data-e-type=\"container\">\n\t\t\t\t\t<div class=\"e-con-inner\">\n\t\t<div class=\"elementor-element elementor-element-faae619 e-con-full e-flex e-con e-child\" data-id=\"faae619\" data-element_type=\"container\" data-e-type=\"container\">\n\t\t\t\t<div class=\"elementor-element elementor-element-b157639 elementor-widget__width-initial elementor-widget elementor-widget-text-editor\" data-id=\"b157639\" data-element_type=\"widget\" data-e-type=\"widget\" data-widget_type=\"text-editor.default\">\n\t\t\t\t<div class=\"elementor-widget-container\">\n\t\t\t\t\t\t\t\t\t<h2 id=\"typed_6866c3810e1ce\" class=\"heading heading-none upper0 fwglobal lhglobal pbtsize-1\"><span class=\"headingtext fwglobal nline0\">Emplacement<\/span><\/h2><div class=\"theme-text\"><div class=\"theme-text-inner align-none text- rounded0 gradient0 light\"><div class=\"theme-text-text upper0 fwglobal lhglobal\"><p>La majorit\u00e9 de notre \u00e9quipe travaille au campus principal de l\u2019UQAT \u00e0 Rouyn-Noranda, au local D-410 et dans les bureaux environnants.<\/p><p><i>*Notez qu\u2019il n\u2019y a pas toujours quelqu\u2019un sur place pour vous r\u00e9pondre. Envoyez-nous un courriel ou appelez-nous pour prendre rendez-vous.<\/i><\/p><\/div><\/div><\/div>\t\t\t\t\t\t\t\t<\/div>\n\t\t\t\t<\/div>\n\t\t\t\t<\/div>\n\t\t<div class=\"elementor-element elementor-element-eccdda5 e-con-full e-flex e-con e-child\" data-id=\"eccdda5\" data-element_type=\"container\" data-e-type=\"container\">\n\t\t\t\t<div class=\"elementor-element elementor-element-59c64e5 elementor-widget__width-initial elementor-widget elementor-widget-text-editor\" data-id=\"59c64e5\" data-element_type=\"widget\" data-e-type=\"widget\" data-widget_type=\"text-editor.default\">\n\t\t\t\t<div class=\"elementor-widget-container\">\n\t\t\t\t\t\t\t\t\t<h2 id=\"typed_6866c3810df2e\" class=\"heading heading-none upper0 fwglobal lhglobal pbtsize-1\"><span class=\"headingtext fwglobal nline0\">Horaire de travail habituel<\/span><\/h2><div class=\"theme-text\"><div class=\"theme-text-inner align-none text- rounded0 gradient0 light\"><div class=\"theme-text-text upper0 fwglobal lhglobal\"><ul><li>Session d\u2019\u00e9t\u00e9 : de 8h \u00e0 12h et de 13h \u00e0 16h<\/li><li>Sessions d\u2019automne et d\u2019hiver : 8h30 \u00e0 12h et de 13h \u00e0 16h30<\/li><\/ul><\/div><\/div><\/div><div class=\"theme-text\"><div class=\"theme-text-inner align-none text- rounded0 gradient0 light\">\u00a0<\/div><\/div>\t\t\t\t\t\t\t\t<\/div>\n\t\t\t\t<\/div>\n\t\t\t\t<\/div>\n\t\t\t\t\t<\/div>\n\t\t\t\t<\/div>\n\t\t\t\t<\/div>\n\t\t","protected":false},"excerpt":{"rendered":"<p>Nos coordonn\u00e9es Pour du soutien concernant les plateformes p\u00e9dagogiques : T\u00e9l\u00e9phone :\u00a0819 762-0971, poste 2331 Sans frais : 1\u00a0 877 870-8728, poste 2331 Courriel : assistance-spufad@uqat.ca Pour toute autre demande : T\u00e9l\u00e9phone :\u00a0819 762-0971, poste 2780 Sans frais : 1\u00a0 877 870-8728, poste 2780 Courriel : spufad@uqat.ca Envoyez-nous un message Probl\u00e8me technique Vous constatez un [&hellip;]<\/p>\n","protected":false},"author":2,"featured_media":0,"parent":0,"menu_order":0,"comment_status":"closed","ping_status":"closed","template":"","meta":{"footnotes":""},"class_list":["post-110","page","type-page","status-publish","hentry"],"_links":{"self":[{"href":"https:\/\/enseigner.uqat.ca\/index.php?rest_route=\/wp\/v2\/pages\/110","targetHints":{"allow":["GET"]}}],"collection":[{"href":"https:\/\/enseigner.uqat.ca\/index.php?rest_route=\/wp\/v2\/pages"}],"about":[{"href":"https:\/\/enseigner.uqat.ca\/index.php?rest_route=\/wp\/v2\/types\/page"}],"author":[{"embeddable":true,"href":"https:\/\/enseigner.uqat.ca\/index.php?rest_route=\/wp\/v2\/users\/2"}],"replies":[{"embeddable":true,"href":"https:\/\/enseigner.uqat.ca\/index.php?rest_route=%2Fwp%2Fv2%2Fcomments&post=110"}],"version-history":[{"count":31,"href":"https:\/\/enseigner.uqat.ca\/index.php?rest_route=\/wp\/v2\/pages\/110\/revisions"}],"predecessor-version":[{"id":2727,"href":"https:\/\/enseigner.uqat.ca\/index.php?rest_route=\/wp\/v2\/pages\/110\/revisions\/2727"}],"wp:attachment":[{"href":"https:\/\/enseigner.uqat.ca\/index.php?rest_route=%2Fwp%2Fv2%2Fmedia&parent=110"}],"curies":[{"name":"wp","href":"https:\/\/api.w.org\/{rel}","templated":true}]}}