{"id":1505,"date":"2025-11-12T14:30:20","date_gmt":"2025-11-12T13:30:20","guid":{"rendered":"https:\/\/enseigner-dev.uqat.ca\/?page_id=1505"},"modified":"2026-02-03T13:50:50","modified_gmt":"2026-02-03T12:50:50","slug":"enseigner-a-luqat-101","status":"publish","type":"page","link":"https:\/\/enseigner.uqat.ca\/?page_id=1505","title":{"rendered":"Enseigner \u00e0 l&rsquo;UQAT 101"},"content":{"rendered":"\t\t<div data-elementor-type=\"wp-page\" data-elementor-id=\"1505\" class=\"elementor elementor-1505\" data-elementor-post-type=\"page\">\n\t\t\t\t<div class=\"elementor-element elementor-element-664b7c1 e-con-full e-flex e-con e-parent\" data-id=\"664b7c1\" data-element_type=\"container\" data-e-type=\"container\">\n\t\t<div class=\"elementor-element elementor-element-35f23b3 e-con-full e-flex e-con e-child\" data-id=\"35f23b3\" data-element_type=\"container\" data-e-type=\"container\">\n\t\t\t\t<div class=\"elementor-element elementor-element-763de6d elementor-widget elementor-widget-text-editor\" data-id=\"763de6d\" data-element_type=\"widget\" data-e-type=\"widget\" data-widget_type=\"text-editor.default\">\n\t\t\t\t<div class=\"elementor-widget-container\">\n\t\t\t\t\t\t\t\t\t<div>Bienvenue \u00e0 l\u2019Universit\u00e9 du Qu\u00e9bec en Abitibi-T\u00e9miscamingue! Que vous soyez professeur\u00b7e ou charg\u00e9\u00b7e de cours, et quel que soit votre mode de formation, le Service de p\u00e9dagogie universitaire et de formation \u00e0 distance est l\u00e0 pour vous soutenir dans votre d\u00e9veloppement professionnel en enseignement.<\/div><div>\u00a0<\/div><p>Pour bien amorcer votre parcours, nous vous proposons les articles ci-dessous, tir\u00e9s de notre\u00a0<a href=\"https:\/\/enseigner.uqat.ca\/?page_id=109\">centre de ressources<\/a>. Ils ont \u00e9t\u00e9 sp\u00e9cialement con\u00e7us pour fournir les bases n\u00e9cessaires aux nouvelles personnes enseignantes afin qu\u2019elles donnent leurs premiers cours \u00e0 l\u2019UQAT.<\/p><ul><li><strong><a href=\"https:\/\/enseigner.uqat.ca\/?p=670\">Planifier son cours<\/a><br \/><\/strong><\/li><li><strong><a href=\"https:\/\/enseigner.uqat.ca\/?p=973\">\u00c9laborer des activit\u00e9s d\u2019apprentissage<\/a><br \/><\/strong><\/li><li><strong><a href=\"https:\/\/enseigner.uqat.ca\/?p=1068\">Favoriser un climat de classe propice aux apprentissages<\/a><br \/><\/strong><\/li><li><a href=\"https:\/\/enseigner.uqat.ca\/?p=914\"><strong>\u00c9valuer les apprentissages : une vue d&rsquo;ensemble<\/strong><\/a><\/li><li><strong><a href=\"https:\/\/uqat.ca.panopto.com\/Panopto\/Pages\/Viewer.aspx?id=95cd7d24-970c-48a0-842f-b34100cc7a1e\">B\u00e2tir et g\u00e9rer son cours dans Moodle (vid\u00e9o)<\/a><\/strong><\/li><\/ul><div>\u00a0<\/div><div><div>Notez que des formations sur ces th\u00e9matiques fondamentales sont aussi r\u00e9guli\u00e8rement offertes. Consultez <a href=\"https:\/\/enseigner.uqat.ca\/?page_id=2507\">notre calendrier<\/a>\u00a0pour vous y inscrire.<\/div><\/div><div>\u00a0<\/div><div><div>Nous vous invitons \u00e9galement \u00e0 d\u00e9couvrir toutes les ressources de l\u2019UQAT utiles \u00e0 l\u2019enseignement dans le babillard ci-dessous.<\/div><\/div>\t\t\t\t\t\t\t\t<\/div>\n\t\t\t\t<\/div>\n\t\t\t\t<\/div>\n\t\t<div class=\"elementor-element elementor-element-4767d82 e-con-full e-flex e-con e-child\" data-id=\"4767d82\" data-element_type=\"container\" data-e-type=\"container\">\n\t\t\t\t<div class=\"elementor-element elementor-element-e24eb68 elementor-widget__width-initial elementor-widget elementor-widget-image\" data-id=\"e24eb68\" data-element_type=\"widget\" data-e-type=\"widget\" data-widget_type=\"image.default\">\n\t\t\t\t<div class=\"elementor-widget-container\">\n\t\t\t\t\t\t\t\t\t\t\t\t\t\t\t<img fetchpriority=\"high\" decoding=\"async\" width=\"683\" height=\"1024\" src=\"https:\/\/enseigner.uqat.ca\/wp-content\/uploads\/2025\/11\/Enseigner101-683x1024.jpg\" class=\"attachment-large size-large wp-image-1507\" alt=\"\" srcset=\"https:\/\/enseigner.uqat.ca\/wp-content\/uploads\/2025\/11\/Enseigner101-683x1024.jpg 683w, https:\/\/enseigner.uqat.ca\/wp-content\/uploads\/2025\/11\/Enseigner101-200x300.jpg 200w, https:\/\/enseigner.uqat.ca\/wp-content\/uploads\/2025\/11\/Enseigner101-768x1152.jpg 768w, https:\/\/enseigner.uqat.ca\/wp-content\/uploads\/2025\/11\/Enseigner101-1024x1536.jpg 1024w, https:\/\/enseigner.uqat.ca\/wp-content\/uploads\/2025\/11\/Enseigner101-1365x2048.jpg 1365w, https:\/\/enseigner.uqat.ca\/wp-content\/uploads\/2025\/11\/Enseigner101-scaled.jpg 1707w\" sizes=\"(max-width: 683px) 100vw, 683px\" \/>\t\t\t\t\t\t\t\t\t\t\t\t\t\t\t<\/div>\n\t\t\t\t<\/div>\n\t\t\t\t<div class=\"elementor-element elementor-element-35b29ec elementor-align-right elementor-widget elementor-widget-button\" data-id=\"35b29ec\" data-element_type=\"widget\" data-e-type=\"widget\" data-widget_type=\"button.default\">\n\t\t\t\t<div class=\"elementor-widget-container\">\n\t\t\t\t\t\t\t\t\t<div class=\"elementor-button-wrapper\">\n\t\t\t\t\t<a class=\"elementor-button elementor-button-link elementor-size-sm\" href=\"mailto:spufad@uqat.ca\">\n\t\t\t\t\t\t<span class=\"elementor-button-content-wrapper\">\n\t\t\t\t\t\t<span class=\"elementor-button-icon\">\n\t\t\t\t<svg aria-hidden=\"true\" class=\"e-font-icon-svg e-far-envelope\" viewBox=\"0 0 512 512\" xmlns=\"http:\/\/www.w3.org\/2000\/svg\"><path d=\"M464 64H48C21.49 64 0 85.49 0 112v288c0 26.51 21.49 48 48 48h416c26.51 0 48-21.49 48-48V112c0-26.51-21.49-48-48-48zm0 48v40.805c-22.422 18.259-58.168 46.651-134.587 106.49-16.841 13.247-50.201 45.072-73.413 44.701-23.208.375-56.579-31.459-73.413-44.701C106.18 199.465 70.425 171.067 48 152.805V112h416zM48 400V214.398c22.914 18.251 55.409 43.862 104.938 82.646 21.857 17.205 60.134 55.186 103.062 54.955 42.717.231 80.509-37.199 103.053-54.947 49.528-38.783 82.032-64.401 104.947-82.653V400H48z\"><\/path><\/svg>\t\t\t<\/span>\n\t\t\t\t\t\t\t\t\t<span class=\"elementor-button-text\">Besoin de soutien? Contactez-nous!<\/span>\n\t\t\t\t\t<\/span>\n\t\t\t\t\t<\/a>\n\t\t\t\t<\/div>\n\t\t\t\t\t\t\t\t<\/div>\n\t\t\t\t<\/div>\n\t\t\t\t<\/div>\n\t\t<div class=\"elementor-element elementor-element-5697124 e-con-full e-flex e-con e-child\" data-id=\"5697124\" data-element_type=\"container\" data-e-type=\"container\">\n\t\t\t\t<div class=\"elementor-element elementor-element-d7cea96 elementor-widget elementor-widget-html\" data-id=\"d7cea96\" data-element_type=\"widget\" data-e-type=\"widget\" data-widget_type=\"html.default\">\n\t\t\t\t<div class=\"elementor-widget-container\">\n\t\t\t\t\t<div style=\"width: 100%;\"><div style=\"position: relative; padding-bottom: 56.25%; padding-top: 0; height: 0;\"><iframe title=\"Accueil des enseignant\u00b7e\u00b7s\" frameborder=\"0\" width=\"1200px\" height=\"675px\" style=\"position: absolute; top: 0; left: 0; width: 100%; height: 100%;\" src=\"https:\/\/view.genially.com\/67c6f11604eadd51dea9d241\" type=\"text\/html\" allowscriptaccess=\"always\" allowfullscreen=\"true\" scrolling=\"yes\" allownetworking=\"all\"><\/iframe> <\/div> <\/div>\t\t\t\t<\/div>\n\t\t\t\t<\/div>\n\t\t\t\t<div class=\"elementor-element elementor-element-28ad25c elementor-widget elementor-widget-text-editor\" data-id=\"28ad25c\" data-element_type=\"widget\" data-e-type=\"widget\" data-widget_type=\"text-editor.default\">\n\t\t\t\t<div class=\"elementor-widget-container\">\n\t\t\t\t\t\t\t\t\t<div>N\u2019h\u00e9sitez pas \u00e0 consulter nos\u00a0<a href=\"https:\/\/enseigner.uqat.ca\/?page_id=109\">autres ressources<\/a>\u00a0ou \u00e0\u00a0<a href=\"https:\/\/enseigner.uqat.ca\/?page_id=110\">faire appel \u00e0 notre \u00e9quipe<\/a>\u00a0pour obtenir du soutien individualis\u00e9.<\/div><div>\u00a0<\/div><div>La formation autoportante\u00a0<a href=\"https:\/\/enseigneraluniversite.com\/\">Enseigner \u00e0 l\u2019Universit\u00e9<\/a>\u00a0vous est \u00e9galement propos\u00e9e par le R\u00e9seau de l\u2019Universit\u00e9 du Qu\u00e9bec.<\/div><div>\u00a0<\/div><div>Enfin, l\u2019UQAT offre un\u00a0<a href=\"https:\/\/www.uqat.ca\/etudes\/education\/microprogramme-2e-cycle-en-pedagogie-de-enseignement-collegial-et-universitaire\/\">microprogramme de 2<sup>e<\/sup>\u00a0cycle en p\u00e9dagogie de l\u2019enseignement coll\u00e9gial et universitaire<\/a>.<\/div><div>\u00a0<\/div><div>Bonne session, et au plaisir de faire votre connaissance!<\/div>\t\t\t\t\t\t\t\t<\/div>\n\t\t\t\t<\/div>\n\t\t\t\t<\/div>\n\t\t\t\t<\/div>\n\t\t\t\t<\/div>\n\t\t","protected":false},"excerpt":{"rendered":"<p>Bienvenue \u00e0 l\u2019Universit\u00e9 du Qu\u00e9bec en Abitibi-T\u00e9miscamingue! Que vous soyez professeur\u00b7e ou charg\u00e9\u00b7e de cours, et quel que soit votre mode de formation, le Service de p\u00e9dagogie universitaire et de formation \u00e0 distance est l\u00e0 pour vous soutenir dans votre d\u00e9veloppement professionnel en enseignement.\u00a0 Pour bien amorcer votre parcours, nous vous proposons les articles ci-dessous, [&hellip;]<\/p>\n","protected":false},"author":5,"featured_media":0,"parent":0,"menu_order":0,"comment_status":"closed","ping_status":"closed","template":"","meta":{"footnotes":""},"class_list":["post-1505","page","type-page","status-publish","hentry"],"_links":{"self":[{"href":"https:\/\/enseigner.uqat.ca\/index.php?rest_route=\/wp\/v2\/pages\/1505","targetHints":{"allow":["GET"]}}],"collection":[{"href":"https:\/\/enseigner.uqat.ca\/index.php?rest_route=\/wp\/v2\/pages"}],"about":[{"href":"https:\/\/enseigner.uqat.ca\/index.php?rest_route=\/wp\/v2\/types\/page"}],"author":[{"embeddable":true,"href":"https:\/\/enseigner.uqat.ca\/index.php?rest_route=\/wp\/v2\/users\/5"}],"replies":[{"embeddable":true,"href":"https:\/\/enseigner.uqat.ca\/index.php?rest_route=%2Fwp%2Fv2%2Fcomments&post=1505"}],"version-history":[{"count":25,"href":"https:\/\/enseigner.uqat.ca\/index.php?rest_route=\/wp\/v2\/pages\/1505\/revisions"}],"predecessor-version":[{"id":3449,"href":"https:\/\/enseigner.uqat.ca\/index.php?rest_route=\/wp\/v2\/pages\/1505\/revisions\/3449"}],"wp:attachment":[{"href":"https:\/\/enseigner.uqat.ca\/index.php?rest_route=%2Fwp%2Fv2%2Fmedia&parent=1505"}],"curies":[{"name":"wp","href":"https:\/\/api.w.org\/{rel}","templated":true}]}}