{"id":1522,"date":"2025-11-12T15:20:10","date_gmt":"2025-11-12T14:20:10","guid":{"rendered":"https:\/\/enseigner-dev.uqat.ca\/?page_id=1522"},"modified":"2026-03-09T16:33:24","modified_gmt":"2026-03-09T15:33:24","slug":"planification-et-evaluation","status":"publish","type":"page","link":"https:\/\/enseigner.uqat.ca\/?page_id=1522","title":{"rendered":"Planification et \u00e9valuation"},"content":{"rendered":"\t\t<div data-elementor-type=\"wp-page\" data-elementor-id=\"1522\" class=\"elementor elementor-1522\" data-elementor-post-type=\"page\">\n\t\t\t\t<div class=\"elementor-element elementor-element-f3a24fb e-flex e-con-boxed e-con e-parent\" data-id=\"f3a24fb\" data-element_type=\"container\" data-e-type=\"container\">\n\t\t\t\t\t<div class=\"e-con-inner\">\n\t\t<div class=\"elementor-element elementor-element-eeadb5c e-con-full e-flex e-con e-child\" data-id=\"eeadb5c\" data-element_type=\"container\" data-e-type=\"container\">\n\t\t\t\t<div class=\"elementor-element elementor-element-937c4a2 elementor-widget elementor-widget-text-editor\" data-id=\"937c4a2\" data-element_type=\"widget\" data-e-type=\"widget\" data-widget_type=\"text-editor.default\">\n\t\t\t\t<div class=\"elementor-widget-container\">\n\t\t\t\t\t\t\t\t\t<p>Bien planifier son cours, c\u2019est s\u2019assurer que le contenu, les activit\u00e9s et les \u00e9valuations sont en coh\u00e9rence avec les objectifs d\u2019apprentissage du cours. Apprenez-en plus dans les articles suivants :<\/p>\t\t\t\t\t\t\t\t<\/div>\n\t\t\t\t<\/div>\n\t\t\t\t<div class=\"elementor-element elementor-element-4829e05 elementor-grid-1 elementor-posts--thumbnail-none elementor-grid-tablet-2 elementor-grid-mobile-1 elementor-widget elementor-widget-posts\" data-id=\"4829e05\" data-element_type=\"widget\" data-e-type=\"widget\" data-settings=\"{&quot;classic_columns&quot;:&quot;1&quot;,&quot;classic_row_gap&quot;:{&quot;unit&quot;:&quot;px&quot;,&quot;size&quot;:5,&quot;sizes&quot;:[]},&quot;classic_columns_tablet&quot;:&quot;2&quot;,&quot;classic_columns_mobile&quot;:&quot;1&quot;,&quot;classic_row_gap_tablet&quot;:{&quot;unit&quot;:&quot;px&quot;,&quot;size&quot;:&quot;&quot;,&quot;sizes&quot;:[]},&quot;classic_row_gap_mobile&quot;:{&quot;unit&quot;:&quot;px&quot;,&quot;size&quot;:&quot;&quot;,&quot;sizes&quot;:[]}}\" data-widget_type=\"posts.classic\">\n\t\t\t\t<div class=\"elementor-widget-container\">\n\t\t\t\t\t\t\t<div class=\"elementor-posts-container elementor-posts elementor-posts--skin-classic elementor-grid\" role=\"list\">\n\t\t\t\t<article class=\"elementor-post elementor-grid-item post-949 post type-post status-publish format-standard hentry category-evaluation tag-decouvrez-toutes-nos-ressources tag-enseigner-a-luqat-101-les-bases\" role=\"listitem\">\n\t\t\t\t<div class=\"elementor-post__text\">\n\t\t\t\t<p class=\"elementor-post__title\">\n\t\t\t<a href=\"https:\/\/enseigner.uqat.ca\/?p=949\" >\n\t\t\t\tIA et \u00e9valuation : quelles implications?\t\t\t<\/a>\n\t\t<\/p>\n\t\t\t\t<\/div>\n\t\t\t\t<\/article>\n\t\t\t\t<article class=\"elementor-post elementor-grid-item post-1411 post type-post status-publish format-standard hentry category-evaluation category-sans-table tag-planification-et-evaluation\" role=\"listitem\">\n\t\t\t\t<div class=\"elementor-post__text\">\n\t\t\t\t<p class=\"elementor-post__title\">\n\t\t\t<a href=\"https:\/\/enseigner.uqat.ca\/?p=1411\" >\n\t\t\t\tGrilles d&rsquo;\u00e9valuation\t\t\t<\/a>\n\t\t<\/p>\n\t\t\t\t<\/div>\n\t\t\t\t<\/article>\n\t\t\t\t<article class=\"elementor-post elementor-grid-item post-1145 post type-post status-publish format-standard hentry category-evaluation category-sans-table tag-decouvrez-toutes-nos-ressources\" role=\"listitem\">\n\t\t\t\t<div class=\"elementor-post__text\">\n\t\t\t\t<p class=\"elementor-post__title\">\n\t\t\t<a href=\"https:\/\/enseigner.uqat.ca\/?p=1145\" >\n\t\t\t\tDemande de r\u00e9vision de note\t\t\t<\/a>\n\t\t<\/p>\n\t\t\t\t<\/div>\n\t\t\t\t<\/article>\n\t\t\t\t<article class=\"elementor-post elementor-grid-item post-934 post type-post status-publish format-standard hentry category-evaluation tag-decouvrez-toutes-nos-ressources tag-enseigner-a-luqat-101-les-bases tag-planification-et-evaluation\" role=\"listitem\">\n\t\t\t\t<div class=\"elementor-post__text\">\n\t\t\t\t<p class=\"elementor-post__title\">\n\t\t\t<a href=\"https:\/\/enseigner.uqat.ca\/?p=934\" >\n\t\t\t\tInt\u00e9grit\u00e9 intellectuelle, plagiat et tricherie\t\t\t<\/a>\n\t\t<\/p>\n\t\t\t\t<\/div>\n\t\t\t\t<\/article>\n\t\t\t\t<article class=\"elementor-post elementor-grid-item post-914 post type-post status-publish format-standard hentry category-evaluation tag-decouvrez-toutes-nos-ressources tag-enseigner-a-luqat-101 tag-planification-et-evaluation\" role=\"listitem\">\n\t\t\t\t<div class=\"elementor-post__text\">\n\t\t\t\t<p class=\"elementor-post__title\">\n\t\t\t<a href=\"https:\/\/enseigner.uqat.ca\/?p=914\" >\n\t\t\t\t\u00c9valuer les apprentissages : une vue d&rsquo;ensemble\t\t\t<\/a>\n\t\t<\/p>\n\t\t\t\t<\/div>\n\t\t\t\t<\/article>\n\t\t\t\t<article class=\"elementor-post elementor-grid-item post-778 post type-post status-publish format-standard hentry category-planification tag-decouvrez-toutes-nos-ressources tag-planification-de-lenseignement tag-planification-et-evaluation\" role=\"listitem\">\n\t\t\t\t<div class=\"elementor-post__text\">\n\t\t\t\t<p class=\"elementor-post__title\">\n\t\t\t<a href=\"https:\/\/enseigner.uqat.ca\/?p=778\" >\n\t\t\t\tL&rsquo;approche par objectifs\t\t\t<\/a>\n\t\t<\/p>\n\t\t\t\t<\/div>\n\t\t\t\t<\/article>\n\t\t\t\t<article class=\"elementor-post elementor-grid-item post-670 post type-post status-publish format-standard hentry category-planification tag-decouvrez-toutes-nos-ressources tag-enseigner-a-luqat-101-les-bases tag-planification-et-evaluation\" role=\"listitem\">\n\t\t\t\t<div class=\"elementor-post__text\">\n\t\t\t\t<p class=\"elementor-post__title\">\n\t\t\t<a href=\"https:\/\/enseigner.uqat.ca\/?p=670\" >\n\t\t\t\tPlanifier son cours\t\t\t<\/a>\n\t\t<\/p>\n\t\t\t\t<\/div>\n\t\t\t\t<\/article>\n\t\t\t\t<\/div>\n\t\t\n\t\t\t\t\t\t<\/div>\n\t\t\t\t<\/div>\n\t\t\t\t<div class=\"elementor-element elementor-element-b39fdd1 elementor-widget elementor-widget-button\" data-id=\"b39fdd1\" data-element_type=\"widget\" data-e-type=\"widget\" data-widget_type=\"button.default\">\n\t\t\t\t<div class=\"elementor-widget-container\">\n\t\t\t\t\t\t\t\t\t<div class=\"elementor-button-wrapper\">\n\t\t\t\t\t<a class=\"elementor-button elementor-button-link elementor-size-sm\" href=\"https:\/\/enseigner.uqat.ca\/?page_id=110\">\n\t\t\t\t\t\t<span class=\"elementor-button-content-wrapper\">\n\t\t\t\t\t\t\t\t\t<span class=\"elementor-button-text\"> Besoin d\u2019une consultation? Contactez-nous!<\/span>\n\t\t\t\t\t<\/span>\n\t\t\t\t\t<\/a>\n\t\t\t\t<\/div>\n\t\t\t\t\t\t\t\t<\/div>\n\t\t\t\t<\/div>\n\t\t\t\t<\/div>\n\t\t<div class=\"elementor-element elementor-element-70eca4d e-con-full e-flex e-con e-child\" data-id=\"70eca4d\" data-element_type=\"container\" data-e-type=\"container\">\n\t\t\t\t<div class=\"elementor-element elementor-element-3e504c3 elementor-widget elementor-widget-image\" data-id=\"3e504c3\" data-element_type=\"widget\" data-e-type=\"widget\" data-widget_type=\"image.default\">\n\t\t\t\t<div class=\"elementor-widget-container\">\n\t\t\t\t\t\t\t\t\t\t\t\t\t\t\t<img fetchpriority=\"high\" decoding=\"async\" width=\"800\" height=\"534\" src=\"https:\/\/enseigner.uqat.ca\/wp-content\/uploads\/2026\/01\/AdobeStock_275118812-1024x683.jpeg\" class=\"attachment-large size-large wp-image-2915\" alt=\"\" srcset=\"https:\/\/enseigner.uqat.ca\/wp-content\/uploads\/2026\/01\/AdobeStock_275118812-1024x683.jpeg 1024w, https:\/\/enseigner.uqat.ca\/wp-content\/uploads\/2026\/01\/AdobeStock_275118812-300x200.jpeg 300w, https:\/\/enseigner.uqat.ca\/wp-content\/uploads\/2026\/01\/AdobeStock_275118812-768x512.jpeg 768w, https:\/\/enseigner.uqat.ca\/wp-content\/uploads\/2026\/01\/AdobeStock_275118812-1536x1024.jpeg 1536w, https:\/\/enseigner.uqat.ca\/wp-content\/uploads\/2026\/01\/AdobeStock_275118812-2048x1365.jpeg 2048w\" sizes=\"(max-width: 800px) 100vw, 800px\" \/>\t\t\t\t\t\t\t\t\t\t\t\t\t\t\t<\/div>\n\t\t\t\t<\/div>\n\t\t\t\t<\/div>\n\t\t\t\t\t<\/div>\n\t\t\t\t<\/div>\n\t\t\t\t<\/div>\n\t\t","protected":false},"excerpt":{"rendered":"<p>Bien planifier son cours, c\u2019est s\u2019assurer que le contenu, les activit\u00e9s et les \u00e9valuations sont en coh\u00e9rence avec les objectifs d\u2019apprentissage du cours. Apprenez-en plus<\/p>\n","protected":false},"author":5,"featured_media":0,"parent":0,"menu_order":0,"comment_status":"closed","ping_status":"closed","template":"","meta":{"footnotes":""},"class_list":["post-1522","page","type-page","status-publish","hentry"],"_links":{"self":[{"href":"https:\/\/enseigner.uqat.ca\/index.php?rest_route=\/wp\/v2\/pages\/1522","targetHints":{"allow":["GET"]}}],"collection":[{"href":"https:\/\/enseigner.uqat.ca\/index.php?rest_route=\/wp\/v2\/pages"}],"about":[{"href":"https:\/\/enseigner.uqat.ca\/index.php?rest_route=\/wp\/v2\/types\/page"}],"author":[{"embeddable":true,"href":"https:\/\/enseigner.uqat.ca\/index.php?rest_route=\/wp\/v2\/users\/5"}],"replies":[{"embeddable":true,"href":"https:\/\/enseigner.uqat.ca\/index.php?rest_route=%2Fwp%2Fv2%2Fcomments&post=1522"}],"version-history":[{"count":13,"href":"https:\/\/enseigner.uqat.ca\/index.php?rest_route=\/wp\/v2\/pages\/1522\/revisions"}],"predecessor-version":[{"id":3945,"href":"https:\/\/enseigner.uqat.ca\/index.php?rest_route=\/wp\/v2\/pages\/1522\/revisions\/3945"}],"wp:attachment":[{"href":"https:\/\/enseigner.uqat.ca\/index.php?rest_route=%2Fwp%2Fv2%2Fmedia&parent=1522"}],"curies":[{"name":"wp","href":"https:\/\/api.w.org\/{rel}","templated":true}]}}