{"id":2507,"date":"2025-12-22T17:49:07","date_gmt":"2025-12-22T16:49:07","guid":{"rendered":"https:\/\/enseigner-dev.uqat.ca\/?page_id=2507"},"modified":"2025-12-23T15:41:43","modified_gmt":"2025-12-23T14:41:43","slug":"calendrier-des-activites","status":"publish","type":"page","link":"https:\/\/enseigner.uqat.ca\/?page_id=2507","title":{"rendered":"Calendrier des activit\u00e9s"},"content":{"rendered":"\t\t<div data-elementor-type=\"wp-page\" data-elementor-id=\"2507\" class=\"elementor elementor-2507\" data-elementor-post-type=\"page\">\n\t\t\t\t<div class=\"elementor-element elementor-element-ec938b9 e-flex e-con-boxed e-con e-parent\" data-id=\"ec938b9\" data-element_type=\"container\" data-e-type=\"container\">\n\t\t\t\t\t<div class=\"e-con-inner\">\n\t\t<div class=\"elementor-element elementor-element-eacc399 e-con-full e-flex e-con e-child\" data-id=\"eacc399\" data-element_type=\"container\" data-e-type=\"container\">\n\t\t\t\t<div class=\"elementor-element elementor-element-4129bbc elementor-widget elementor-widget-text-editor\" data-id=\"4129bbc\" data-element_type=\"widget\" data-e-type=\"widget\" data-widget_type=\"text-editor.default\">\n\t\t\t\t<div class=\"elementor-widget-container\">\n\t\t\t\t\t\t\t\t\t<p>Le <a href=\"https:\/\/enseigner.uqat.ca\/?page_id=84\">SPUFAD<\/a> \u00e9labore un calendrier d\u2019activit\u00e9s de perfectionnement \u00e0 chacune des sessions. Celui-ci est d\u00e9velopp\u00e9 \u00e0 partir des commentaires et des suggestions des enseignant\u00b7e\u00b7s universitaires et des recommandations du <a href=\"https:\/\/enseigner.uqat.ca\/?page_id=587\">comit\u00e9 de valorisation de l\u2019enseignement<\/a>, ainsi qu\u2019\u00e0 partir des observations et des analyses de besoins r\u00e9alis\u00e9es par nos conseill\u00e8res et conseillers en p\u00e9dagogie universitaire. Il relaie \u00e9galement des activit\u00e9s de perfectionnement offertes par des organismes partenaires. N\u2019h\u00e9sitez pas \u00e0 nous partager vos id\u00e9es ou vos demandes.<\/p><p><b>Vous pouvez \u00e9galement <a href=\"https:\/\/enseigner.uqat.ca\/?page_id=676\">visionner certaines activit\u00e9s pass\u00e9es ici.<\/a><\/b><\/p>\t\t\t\t\t\t\t\t<\/div>\n\t\t\t\t<\/div>\n\t\t\t\t<div class=\"elementor-element elementor-element-4fa75a4 elementor-widget elementor-widget-tablepress-table\" data-id=\"4fa75a4\" data-element_type=\"widget\" data-e-type=\"widget\" data-widget_type=\"tablepress-table.default\">\n\t\t\t\t\t<h2 id=\"tablepress-1-name\" class=\"tablepress-table-name tablepress-table-name-id-1\">Activit\u00e9s de perfectionnement \u00e0 venir<\/h2>\n\n<table id=\"tablepress-1\" class=\"tablepress tablepress-id-1\" aria-labelledby=\"tablepress-1-name\">\n<tbody class=\"row-striping row-hover\">\n<tr class=\"row-1\">\n\t<td class=\"column-1\">6 janvier 2026, 12h-13h<\/td><td class=\"column-2\"><a href=\"https:\/\/events.teams.microsoft.com\/event\/5f9a15bc-8954-43d9-9f0f-f02fb7074115@f5da7850-c1d8-429f-8907-85d7b2606108\" target=\"_blank\">\u2605 Enseigner \u00e0 l\u2019UQAT 101 : Planifier son cours<\/a><\/td>\n<\/tr>\n<tr class=\"row-2\">\n\t<td class=\"column-1\">7 janvier 2026, 19h-20h<\/td><td class=\"column-2\"><a href=\"https:\/\/events.teams.microsoft.com\/event\/e6c0cdb1-6a54-496a-9cdc-9fdaf652b9ea@f5da7850-c1d8-429f-8907-85d7b2606108\" target=\"_blank\">\u2605 Enseigner \u00e0 l\u2019UQAT 101 : D\u00e9couvrir l\u2019environnement num\u00e9rique Moodle et ses fonctions principales<\/a><\/td>\n<\/tr>\n<tr class=\"row-3\">\n\t<td class=\"column-1\">8 janvier 2026, 12h-13h<\/td><td class=\"column-2\"><a href=\"https:\/\/events.teams.microsoft.com\/event\/e088ca09-8544-42ad-8469-a6c2757d8282@f5da7850-c1d8-429f-8907-85d7b2606108\" target=\"_blank\">\u2605 Enseigner \u00e0 l\u2019UQAT 101\u202f: \u00c9laborer des activit\u00e9s d\u2019apprentissage dans un climat de classe favorable<\/a><\/td>\n<\/tr>\n<tr class=\"row-4\">\n\t<td class=\"column-1\">12 janvier 2026, 12h-13h<\/td><td class=\"column-2\"><a href=\"https:\/\/events.teams.microsoft.com\/event\/2c771f29-bace-4b97-95d8-c8b9ca9c4c44@f5da7850-c1d8-429f-8907-85d7b2606108\" target=\"_blank\">\u2605 Enseigner \u00e0 l\u2019UQAT 101 : \u00c9valuer les apprentissages<\/a><\/td>\n<\/tr>\n<tr class=\"row-5\">\n\t<td class=\"column-1\">14 janvier 2026, 12h-13h<\/td><td class=\"column-2\"><a href=\"https:\/\/events.teams.microsoft.com\/event\/4212297a-2252-450d-8075-5757ae484d5c@f5da7850-c1d8-429f-8907-85d7b2606108\" target=\"_blank\">\u2605 Moodle 102 : Bonnes pratiques p\u00e9dagogiques dans son environnement num\u00e9rique<\/a><\/td>\n<\/tr>\n<tr class=\"row-6\">\n\t<td class=\"column-1\">22 janvier 2026, 12h30-13h<\/td><td class=\"column-2\"><a href=\"https:\/\/uquebec.zoom.us\/webinar\/register\/WN_ZZdGoRMvQQqYDNnySv2C8A?_x_zm_rtaid=BvnV4AgwTSaXNqrpEZTgoQ.1765991615110.829743f410f869cdc77fc953e2a1339b&amp;_x_zm_rhtaid=690#\/registration\" target=\"_blank\">\u2756 Webinaire du GRIIP : Lancement des modules d\u2019autoformation sur la formation \u00e0 distance<\/a><\/td>\n<\/tr>\n<tr class=\"row-7\">\n\t<td class=\"column-1\">4 f\u00e9vrier 2026, 12h00-13h00<\/td><td class=\"column-2\"><a href=\"https:\/\/events.teams.microsoft.com\/event\/dca06134-5f21-41f2-9a8c-59357bc88086@d29e8455-fdac-4cb1-bf14-8cf8e2f6ea7b\" target=\"_blank\">\u2756 Atelier du REFAD: Et si, pour comprendre l\u2019intelligence artificielle (IA) en entreprise, on cessait de l\u2019expliquer\u2026 pour la faire vivre ?<\/a><\/td>\n<\/tr>\n<tr class=\"row-8\">\n\t<td class=\"column-1\">6 f\u00e9vrier 2026, <\/td><td class=\"column-2\">\u2756 Atelier du REFAD: Mise en pratique du guide MPAREILLE (lien d'inscription \u00e0 venir).<\/a><br \/>\n<\/td>\n<\/tr>\n<tr class=\"row-9\">\n\t<td class=\"column-1\">12 f\u00e9vrier 2026, 11h30-13h<\/td><td class=\"column-2\"><a href=\"https:\/\/uquebec.zoom.us\/meeting\/register\/AFPVd5ZgSTSgkTA5VTNggg#\/registration\" target=\"_blank\">\u2756 Webinaire du GRIIP : R\u00e9fl\u00e9chir \u00e0 l\u2019enseignement avec le canevas de coh\u00e9rence p\u00e9dagogique : une m\u00e9thode visuelle pour analyser et concevoir des dispositifs d\u2019apprentissage<\/a><\/td>\n<\/tr>\n<tr class=\"row-10\">\n\t<td class=\"column-1\">18 f\u00e9vrier 2026,<br \/>\n12h00-13h00<\/td><td class=\"column-2\"><a href=\"https:\/\/www.youtube.com\/watch?v=GckZC9oDgvc\" target=\"_blank\">\u2756 Webinaire du GRIIP - \u00c9valuer les apprentissages \u00e0 l\u2019\u00e8re de l\u2019IAG : comment savoir ce qui a vraiment \u00e9t\u00e9 appris ? Rediffusion du webinaire<\/a><\/td>\n<\/tr>\n<tr class=\"row-11\">\n\t<td class=\"column-1\">18 f\u00e9vrier 2026,<br \/>\n15h30-16h30<\/td><td class=\"column-2\"><a href=\"https:\/\/www.eventbrite.ca\/e\/comprendre-la-memoire-de-travail-pour-mieux-apprendre-et-enseigner-tickets-1977535600214?aff=oddtdtcreator\" target=\"_blank\">\u25b2 Conf\u00e9rence de Steve Masson : Comprendre la m\u00e9moire de travail pour mieux apprendre et enseigner<\/a><\/td>\n<\/tr>\n<tr class=\"row-12\">\n\t<td class=\"column-1\">27 f\u00e9vrier 2026, 12h00-13h00<\/td><td class=\"column-2\">\u2756 Atelier du REFAD: Exploiter des outils d\u2019IA pour la cr\u00e9ation de contenus visuels \u2013 (audio, vid\u00e9o, cartes conceptuelles, etc.)(lien d'inscription \u00e0 venir).<\/a><br \/>\n<br \/>\n<\/td>\n<\/tr>\n<tr class=\"row-13\">\n\t<td class=\"column-1\">18 mars 2026, 12h00-13h00<\/td><td class=\"column-2\"><a href=\"https:\/\/events.teams.microsoft.com\/event\/7a58b5c0-e05b-4f04-bf1a-12c247c06344@d29e8455-fdac-4cb1-bf14-8cf8e2f6ea7b\" target=\"_blank\">\u2756 Atelier du REFAD: Comment cr\u00e9er ou adapter une ressource num\u00e9rique en FAD<\/a><\/td>\n<\/tr>\n<tr class=\"row-14\">\n\t<td class=\"column-1\">19 mars 2026, 12h-14h<\/td><td class=\"column-2\"><a href=\"https:\/\/events.teams.microsoft.com\/event\/e57314a5-e220-445e-8fa5-186373c104f4@f5da7850-c1d8-429f-8907-85d7b2606108\" target=\"_blank\">\u273f \u00c9valuation et IA : S\u2019adapter sans s\u2019essouffler<\/a><\/td>\n<\/tr>\n<tr class=\"row-15\">\n\t<td class=\"column-1\">23 mars 2026, 11h30-13h<\/td><td class=\"column-2\"><a href=\"https:\/\/uquebec.zoom.us\/meeting\/register\/P9ZYfsbkS1qwlzIeP9tpHQ#\/registration\" target=\"_blank\">\u2756 Webinaire du GRIIP - \u00c9valuer les apprentissages \u00e0 l\u2019\u00e8re de l\u2019IAG : comment savoir ce qui a vraiment \u00e9t\u00e9 appris ?<\/a><\/td>\n<\/tr>\n<tr class=\"row-16\">\n\t<td class=\"column-1\">25 mars 2026, 12h00-13h00<\/td><td class=\"column-2\"><a href=\"https:\/\/events.teams.microsoft.com\/event\/79b3dfef-6218-4f8c-8760-0f4c9d042c7f@d29e8455-fdac-4cb1-bf14-8cf8e2f6ea7b\"_blank\">\u2756 Atelier du REFAD: Actualiser et exploiter la comp\u00e9tence num\u00e9rique dans ma pratique d\u2019enseignant <\/a><br \/>\n<br \/>\n<\/td>\n<\/tr>\n<tr class=\"row-17\">\n\t<td class=\"column-1\">27 mars 2026, 12h00-13h00<\/td><td class=\"column-2\">\u2756 Atelier du REFAD: D\u00e9couvrez quelques outils d\u2019IA pour la r\u00e9daction et la recherche acad\u00e9mique (lien d'inscription \u00e0 venir).<\/a><br \/>\n<br \/>\n<\/td>\n<\/tr>\n<tr class=\"row-18\">\n\t<td class=\"column-1\">8 avril 2026, 12h-13h<\/td><td class=\"column-2\"><a href=\"https:\/\/events.teams.microsoft.com\/event\/8870eeb9-5d15-4eec-ab3f-c26d1ca9cb51@f5da7850-c1d8-429f-8907-85d7b2606108\" target=\"_blank\">\u2605 L\u2019approche ACLIIc<\/a><\/td>\n<\/tr>\n<tr class=\"row-19\">\n\t<td class=\"column-1\">15 avril 2026, 19h-20h<\/td><td class=\"column-2\"><a href=\"https:\/\/events.teams.microsoft.com\/event\/91776c52-4483-4e09-9c22-64b99f931ee7@f5da7850-c1d8-429f-8907-85d7b2606108\" target=\"_blank\">\u2605 Enseigner en formule condens\u00e9e<\/a><\/td>\n<\/tr>\n<tr class=\"row-20\">\n\t<td class=\"column-1\">15 avril 2026, 11h30-13h<\/td><td class=\"column-2\"><a href=\"https:\/\/uquebec.zoom.us\/meeting\/register\/I-4bdnoCT6evcj5I79EAiQ#\/registration\" target=\"_blank\">\u2756 Webinaire du GRIIP - Extraire une th\u00e8se d\u2019un cerveau \u00e9tudiant sans g\u00e2chis : favoriser la r\u00e9daction et la pers\u00e9v\u00e9rance aux cycles sup\u00e9rieurs<\/a><\/td>\n<\/tr>\n<\/tbody>\n<\/table>\n<!-- #tablepress-1 from cache -->\t\t\t\t<\/div>\n\t\t\t\t<\/div>\n\t\t<div class=\"elementor-element elementor-element-71b57cd e-con-full e-flex e-con e-child\" data-id=\"71b57cd\" data-element_type=\"container\" data-e-type=\"container\">\n\t\t\t\t<div class=\"elementor-element elementor-element-714547e elementor-widget elementor-widget-image\" data-id=\"714547e\" data-element_type=\"widget\" data-e-type=\"widget\" data-widget_type=\"image.default\">\n\t\t\t\t<div class=\"elementor-widget-container\">\n\t\t\t\t\t\t\t\t\t\t\t\t\t\t\t<img fetchpriority=\"high\" decoding=\"async\" width=\"800\" height=\"533\" src=\"https:\/\/enseigner.uqat.ca\/wp-content\/uploads\/2025\/12\/agenda-2296195_960_720.jpg\" class=\"attachment-large size-large wp-image-2528\" alt=\"\" srcset=\"https:\/\/enseigner.uqat.ca\/wp-content\/uploads\/2025\/12\/agenda-2296195_960_720.jpg 960w, https:\/\/enseigner.uqat.ca\/wp-content\/uploads\/2025\/12\/agenda-2296195_960_720-300x200.jpg 300w, https:\/\/enseigner.uqat.ca\/wp-content\/uploads\/2025\/12\/agenda-2296195_960_720-768x512.jpg 768w\" sizes=\"(max-width: 800px) 100vw, 800px\" \/>\t\t\t\t\t\t\t\t\t\t\t\t\t\t\t<\/div>\n\t\t\t\t<\/div>\n\t\t\t\t<div class=\"elementor-element elementor-element-956e6b6 elementor-widget elementor-widget-text-editor\" data-id=\"956e6b6\" data-element_type=\"widget\" data-e-type=\"widget\" data-widget_type=\"text-editor.default\">\n\t\t\t\t<div class=\"elementor-widget-container\">\n\t\t\t\t\t\t\t\t\t<p><b>L\u00e9gende<\/b><br \/>\u2605 <a href=\"https:\/\/enseigner.uqat.ca\/?page_id=633#formules\">Formation du SPUFAD<\/a><br \/>\u273f <a href=\"https:\/\/enseigner.uqat.ca\/?page_id=633#formules\">Atelier de formation du SPUFAD<\/a><br \/>\u25b2 <a href=\"https:\/\/enseigner.uqat.ca\/?page_id=633#formules\">Conf\u00e9rence<\/a><br \/>\u25c6 <a href=\"https:\/\/enseigner.uqat.ca\/?page_id=633#formules\">Partage p\u00e9dagogique<\/a><br \/>\u2756 Activit\u00e9 offerte par nos partenaires<\/p><p><em>Notez que la participation des personnes charg\u00e9es de cours \u00e0 nos <\/em>\u2605<em>formations et \u00e0 nos <\/em>\u273f<em>ateliers de formation peut \u00eatre r\u00e9mun\u00e9r\u00e9e en vertu de la <a href=\"https:\/\/monsymbiose.uqat.ca\/services\/ressources-humaines\/soutien-a-la-vie-employe\/perfectionnement\/chargees-et-charges-de-cours\">politique de perfectionnement<\/a>.<\/em><\/p><p><b>Acronymes<br \/><\/b>\u2022 <a href=\"https:\/\/pedagogie.uquebec.ca\/\" target=\"_blank\" rel=\"noreferrer noopener\">GRIIP<\/a> : Groupe d\u2019intervention et d\u2019innovation p\u00e9dagogique du r\u00e9seau de l\u2019Universit\u00e9 du Qu\u00e9bec<br \/>\u2022 <a href=\"https:\/\/refad.ca\/\" target=\"_blank\" rel=\"noreferrer noopener\">REFAD<\/a> : R\u00e9seau d\u2019enseignement francophone \u00e0 distance du Canada<br \/>\u2022 <a href=\"https:\/\/www.aqpc.qc.ca\/fr\/webinaires\" target=\"_blank\" rel=\"noreferrer noopener\">AQPC<\/a><b> : <\/b>Association qu\u00e9b\u00e9coise de p\u00e9dagogie coll\u00e9giale<\/p>\t\t\t\t\t\t\t\t<\/div>\n\t\t\t\t<\/div>\n\t\t\t\t<\/div>\n\t\t\t\t\t<\/div>\n\t\t\t\t<\/div>\n\t\t\t\t<\/div>\n\t\t","protected":false},"excerpt":{"rendered":"<p>Le SPUFAD \u00e9labore un calendrier d\u2019activit\u00e9s de perfectionnement \u00e0 chacune des sessions. Celui-ci est d\u00e9velopp\u00e9 \u00e0 partir des commentaires et des suggestions des enseignant\u00b7e\u00b7s universitaires et des recommandations du comit\u00e9 de valorisation de l\u2019enseignement, ainsi qu\u2019\u00e0 partir des observations et des analyses de besoins r\u00e9alis\u00e9es par nos conseill\u00e8res et conseillers en p\u00e9dagogie universitaire. Il relaie [&hellip;]<\/p>\n","protected":false},"author":2,"featured_media":0,"parent":0,"menu_order":0,"comment_status":"closed","ping_status":"closed","template":"","meta":{"footnotes":""},"class_list":["post-2507","page","type-page","status-publish","hentry"],"_links":{"self":[{"href":"https:\/\/enseigner.uqat.ca\/index.php?rest_route=\/wp\/v2\/pages\/2507","targetHints":{"allow":["GET"]}}],"collection":[{"href":"https:\/\/enseigner.uqat.ca\/index.php?rest_route=\/wp\/v2\/pages"}],"about":[{"href":"https:\/\/enseigner.uqat.ca\/index.php?rest_route=\/wp\/v2\/types\/page"}],"author":[{"embeddable":true,"href":"https:\/\/enseigner.uqat.ca\/index.php?rest_route=\/wp\/v2\/users\/2"}],"replies":[{"embeddable":true,"href":"https:\/\/enseigner.uqat.ca\/index.php?rest_route=%2Fwp%2Fv2%2Fcomments&post=2507"}],"version-history":[{"count":25,"href":"https:\/\/enseigner.uqat.ca\/index.php?rest_route=\/wp\/v2\/pages\/2507\/revisions"}],"predecessor-version":[{"id":2712,"href":"https:\/\/enseigner.uqat.ca\/index.php?rest_route=\/wp\/v2\/pages\/2507\/revisions\/2712"}],"wp:attachment":[{"href":"https:\/\/enseigner.uqat.ca\/index.php?rest_route=%2Fwp%2Fv2%2Fmedia&parent=2507"}],"curies":[{"name":"wp","href":"https:\/\/api.w.org\/{rel}","templated":true}]}}