{"id":2631,"date":"2025-12-22T21:22:04","date_gmt":"2025-12-22T20:22:04","guid":{"rendered":"https:\/\/enseigner-dev.uqat.ca\/?page_id=2631"},"modified":"2025-12-22T21:25:05","modified_gmt":"2025-12-22T20:25:05","slug":"nos-services","status":"publish","type":"page","link":"https:\/\/enseigner.uqat.ca\/?page_id=2631","title":{"rendered":"Nos services"},"content":{"rendered":"\t\t<div data-elementor-type=\"wp-page\" data-elementor-id=\"2631\" class=\"elementor elementor-2631\" data-elementor-post-type=\"page\">\n\t\t\t\t<div class=\"elementor-element elementor-element-efb4131 e-flex e-con-boxed e-con e-parent\" data-id=\"efb4131\" data-element_type=\"container\" data-e-type=\"container\">\n\t\t\t\t\t<div class=\"e-con-inner\">\n\t\t\t\t<div class=\"elementor-element elementor-element-f684638 elementor-widget elementor-widget-heading\" data-id=\"f684638\" data-element_type=\"widget\" data-e-type=\"widget\" data-widget_type=\"heading.default\">\n\t\t\t\t<div class=\"elementor-widget-container\">\n\t\t\t\t\t<h2 class=\"elementor-heading-title elementor-size-default\">Services offerts par notre \u00e9quipe<\/h2>\t\t\t\t<\/div>\n\t\t\t\t<\/div>\n\t\t\t\t<div class=\"elementor-element elementor-element-2ccd37e elementor-widget elementor-widget-text-editor\" data-id=\"2ccd37e\" data-element_type=\"widget\" data-e-type=\"widget\" data-widget_type=\"text-editor.default\">\n\t\t\t\t<div class=\"elementor-widget-container\">\n\t\t\t\t\t\t\t\t\t<div id=\"yui_3_17_2_1_1766434893056_23\" class=\"theme-text\"><div id=\"yui_3_17_2_1_1766434893056_22\" class=\"theme-text-inner align-none text- rounded0 gradient0 light\"><div id=\"yui_3_17_2_1_1766434893056_21\" class=\"theme-text-text pbtsize-1 upper0 fwglobal lhglobal\"><ul id=\"yui_3_17_2_1_1766434893056_20\"><li><a href=\"https:\/\/enseigner.uqat.ca\/?page_id=479\">Consultation et accompagnement p\u00e9dagogique<\/a><\/li><li><a href=\"https:\/\/enseigner.uqat.ca\/?page_id=526\">Soutien aux plateformes p\u00e9dagogiques<\/a><\/li><li><a href=\"https:\/\/enseigner.uqat.ca\/?page_id=524\">M\u00e9diatisation et formation \u00e0 distance<\/a><\/li><li><a href=\"https:\/\/enseigner.uqat.ca\/?page_id=542\">Enseignement-apprentissage en studio<\/a><\/li><li><a href=\"https:\/\/enseigner.uqat.ca\/?page_id=528\">Production num\u00e9rique<\/a><\/li><\/ul><\/div><\/div><\/div>\t\t\t\t\t\t\t\t<\/div>\n\t\t\t\t<\/div>\n\t\t\t\t\t<\/div>\n\t\t\t\t<\/div>\n\t\t\t\t<\/div>\n\t\t","protected":false},"excerpt":{"rendered":"<p>Services offerts par notre \u00e9quipe Consultation et accompagnement p\u00e9dagogique Soutien aux plateformes p\u00e9dagogiques M\u00e9diatisation et formation \u00e0 distance Enseignement-apprentissage en studio Production num\u00e9rique<\/p>\n","protected":false},"author":1,"featured_media":0,"parent":0,"menu_order":0,"comment_status":"closed","ping_status":"closed","template":"","meta":{"footnotes":""},"class_list":["post-2631","page","type-page","status-publish","hentry"],"_links":{"self":[{"href":"https:\/\/enseigner.uqat.ca\/index.php?rest_route=\/wp\/v2\/pages\/2631","targetHints":{"allow":["GET"]}}],"collection":[{"href":"https:\/\/enseigner.uqat.ca\/index.php?rest_route=\/wp\/v2\/pages"}],"about":[{"href":"https:\/\/enseigner.uqat.ca\/index.php?rest_route=\/wp\/v2\/types\/page"}],"author":[{"embeddable":true,"href":"https:\/\/enseigner.uqat.ca\/index.php?rest_route=\/wp\/v2\/users\/1"}],"replies":[{"embeddable":true,"href":"https:\/\/enseigner.uqat.ca\/index.php?rest_route=%2Fwp%2Fv2%2Fcomments&post=2631"}],"version-history":[{"count":4,"href":"https:\/\/enseigner.uqat.ca\/index.php?rest_route=\/wp\/v2\/pages\/2631\/revisions"}],"predecessor-version":[{"id":2635,"href":"https:\/\/enseigner.uqat.ca\/index.php?rest_route=\/wp\/v2\/pages\/2631\/revisions\/2635"}],"wp:attachment":[{"href":"https:\/\/enseigner.uqat.ca\/index.php?rest_route=%2Fwp%2Fv2%2Fmedia&parent=2631"}],"curies":[{"name":"wp","href":"https:\/\/api.w.org\/{rel}","templated":true}]}}