{"id":2636,"date":"2025-12-22T21:26:22","date_gmt":"2025-12-22T20:26:22","guid":{"rendered":"https:\/\/enseigner-dev.uqat.ca\/?page_id=2636"},"modified":"2025-12-22T21:29:16","modified_gmt":"2025-12-22T20:29:16","slug":"valorisation","status":"publish","type":"page","link":"https:\/\/enseigner.uqat.ca\/?page_id=2636","title":{"rendered":"Valorisation"},"content":{"rendered":"\t\t<div data-elementor-type=\"wp-page\" data-elementor-id=\"2636\" class=\"elementor elementor-2636\" data-elementor-post-type=\"page\">\n\t\t\t\t<div class=\"elementor-element elementor-element-9553168 e-flex e-con-boxed e-con e-parent\" data-id=\"9553168\" data-element_type=\"container\" data-e-type=\"container\">\n\t\t\t\t\t<div class=\"e-con-inner\">\n\t\t\t\t<div class=\"elementor-element elementor-element-50b4a93 elementor-widget elementor-widget-heading\" data-id=\"50b4a93\" data-element_type=\"widget\" data-e-type=\"widget\" data-widget_type=\"heading.default\">\n\t\t\t\t<div class=\"elementor-widget-container\">\n\t\t\t\t\t<h2 class=\"elementor-heading-title elementor-size-default\">Valorisation de l'enseignement universitaire<\/h2>\t\t\t\t<\/div>\n\t\t\t\t<\/div>\n\t\t\t\t\t<\/div>\n\t\t\t\t<\/div>\n\t\t<div class=\"elementor-element elementor-element-5f4d1fe e-flex e-con-boxed e-con e-parent\" data-id=\"5f4d1fe\" data-element_type=\"container\" data-e-type=\"container\">\n\t\t\t\t\t<div class=\"e-con-inner\">\n\t\t\t\t<div class=\"elementor-element elementor-element-8015ef7 elementor-widget elementor-widget-text-editor\" data-id=\"8015ef7\" data-element_type=\"widget\" data-e-type=\"widget\" data-widget_type=\"text-editor.default\">\n\t\t\t\t<div class=\"elementor-widget-container\">\n\t\t\t\t\t\t\t\t\t<div id=\"yui_3_17_2_1_1766435159040_38\" class=\"theme-text\"><div id=\"yui_3_17_2_1_1766435159040_37\" class=\"theme-text-inner align-none text- rounded0 gradient0 light\"><div id=\"yui_3_17_2_1_1766435159040_36\" class=\"theme-text-text pbtsize-1 upper0 fwglobal lhglobal\"><ul id=\"yui_3_17_2_1_1766435159040_35\"><li><a href=\"https:\/\/enseigner.uqat.ca\/?page_id=568\">Fonds de p\u00e9dagogique universitaire (FPU)<\/a><\/li><li><a href=\"https:\/\/enseigner.uqat.ca\/?page_id=587\">Comit\u00e9 de valorisation de l&rsquo;enseignement (CVALE)<\/a><\/li><li><a href=\"https:\/\/enseigner.uqat.ca\/?page_id=599\">Journ\u00e9es de l&rsquo;enseignement universitaire (JEU)<\/a><\/li><li><a href=\"https:\/\/enseigner.uqat.ca\/?page_id=604\">Prix de reconnaissance en enseignement universitaire (PREU)<\/a><\/li><li><a href=\"https:\/\/enseigner.uqat.ca\/?page_id=616\">Autres prix en enseignement sup\u00e9rieur<\/a><\/li><\/ul><\/div><\/div><\/div>\t\t\t\t\t\t\t\t<\/div>\n\t\t\t\t<\/div>\n\t\t\t\t\t<\/div>\n\t\t\t\t<\/div>\n\t\t\t\t<\/div>\n\t\t","protected":false},"excerpt":{"rendered":"<p>Valorisation de l&rsquo;enseignement universitaire Fonds de p\u00e9dagogique universitaire (FPU) Comit\u00e9 de valorisation de l&rsquo;enseignement (CVALE) Journ\u00e9es de l&rsquo;enseignement universitaire (JEU) Prix de reconnaissance en enseignement universitaire (PREU) Autres prix en enseignement sup\u00e9rieur<\/p>\n","protected":false},"author":1,"featured_media":0,"parent":0,"menu_order":0,"comment_status":"closed","ping_status":"closed","template":"","meta":{"footnotes":""},"class_list":["post-2636","page","type-page","status-publish","hentry"],"_links":{"self":[{"href":"https:\/\/enseigner.uqat.ca\/index.php?rest_route=\/wp\/v2\/pages\/2636","targetHints":{"allow":["GET"]}}],"collection":[{"href":"https:\/\/enseigner.uqat.ca\/index.php?rest_route=\/wp\/v2\/pages"}],"about":[{"href":"https:\/\/enseigner.uqat.ca\/index.php?rest_route=\/wp\/v2\/types\/page"}],"author":[{"embeddable":true,"href":"https:\/\/enseigner.uqat.ca\/index.php?rest_route=\/wp\/v2\/users\/1"}],"replies":[{"embeddable":true,"href":"https:\/\/enseigner.uqat.ca\/index.php?rest_route=%2Fwp%2Fv2%2Fcomments&post=2636"}],"version-history":[{"count":4,"href":"https:\/\/enseigner.uqat.ca\/index.php?rest_route=\/wp\/v2\/pages\/2636\/revisions"}],"predecessor-version":[{"id":2640,"href":"https:\/\/enseigner.uqat.ca\/index.php?rest_route=\/wp\/v2\/pages\/2636\/revisions\/2640"}],"wp:attachment":[{"href":"https:\/\/enseigner.uqat.ca\/index.php?rest_route=%2Fwp%2Fv2%2Fmedia&parent=2636"}],"curies":[{"name":"wp","href":"https:\/\/api.w.org\/{rel}","templated":true}]}}