{"id":479,"date":"2025-07-03T19:03:45","date_gmt":"2025-07-03T17:03:45","guid":{"rendered":"https:\/\/enseigner-dev.uqat.ca\/?page_id=479"},"modified":"2026-01-13T20:50:56","modified_gmt":"2026-01-13T19:50:56","slug":"consultations-et-accompagnements-pedagogiques","status":"publish","type":"page","link":"https:\/\/enseigner.uqat.ca\/?page_id=479","title":{"rendered":"Consultations et accompagnements p\u00e9dagogiques"},"content":{"rendered":"\t\t<div data-elementor-type=\"wp-page\" data-elementor-id=\"479\" class=\"elementor elementor-479\" data-elementor-post-type=\"page\">\n\t\t\t\t<div class=\"elementor-element elementor-element-b4d887f e-flex e-con-boxed e-con e-parent\" data-id=\"b4d887f\" data-element_type=\"container\" data-e-type=\"container\">\n\t\t\t\t\t<div class=\"e-con-inner\">\n\t\t<div class=\"elementor-element elementor-element-384e744 e-con-full e-flex e-con e-child\" data-id=\"384e744\" data-element_type=\"container\" data-e-type=\"container\">\n\t\t\t\t<div class=\"elementor-element elementor-element-747cc4d elementor-widget elementor-widget-text-editor\" data-id=\"747cc4d\" data-element_type=\"widget\" data-e-type=\"widget\" data-widget_type=\"text-editor.default\">\n\t\t\t\t<div class=\"elementor-widget-container\">\n\t\t\t\t\t\t\t\t\t<p>\u00c0 titre de professeur\u00b7e ou de charg\u00e9\u00b7e de cours, vous pouvez recourir, de mani\u00e8re tout \u00e0 fait confidentielle, au service de l\u2019\u00e9quipe de conseil en p\u00e9dagogie universitaire. L\u2019un\u00b7e d\u2019entre nous peut vous accompagner et vous appuyer dans les diff\u00e9rentes sph\u00e8res de votre enseignement, telles que la planification, la prestation p\u00e9dagogique, l\u2019\u00e9valuation des apprentissages et l\u2019encadrement aux cycles sup\u00e9rieurs.<\/p><div id=\"yui_3_17_2_1_1758202153719_54\" class=\"theme-text\"><div id=\"yui_3_17_2_1_1758202153719_53\" class=\"theme-text-inner align-none text- rounded0 gradient0 light\"><div id=\"yui_3_17_2_1_1758202153719_52\" class=\"theme-text-text upper0 fwglobal lhglobal\"><p id=\"yui_3_17_2_1_1758202153719_51\">Que vous soyez en d\u00e9but, en milieu ou en fin de carri\u00e8re, n\u2019h\u00e9sitez pas \u00e0 solliciter la collaboration d\u2019un membre de notre \u00e9quipe afin de discuter de vos projets ou de vos d\u00e9fis particuliers.<\/p><\/div><\/div><\/div>\t\t\t\t\t\t\t\t<\/div>\n\t\t\t\t<\/div>\n\t\t\t\t<div class=\"elementor-element elementor-element-4d8adde elementor-align-left elementor-widget elementor-widget-button\" data-id=\"4d8adde\" data-element_type=\"widget\" data-e-type=\"widget\" data-widget_type=\"button.default\">\n\t\t\t\t<div class=\"elementor-widget-container\">\n\t\t\t\t\t\t\t\t\t<div class=\"elementor-button-wrapper\">\n\t\t\t\t\t<a class=\"elementor-button elementor-button-link elementor-size-sm\" href=\"mailto:spufad@uqat.ca\">\n\t\t\t\t\t\t<span class=\"elementor-button-content-wrapper\">\n\t\t\t\t\t\t<span class=\"elementor-button-icon\">\n\t\t\t\t<svg aria-hidden=\"true\" class=\"e-font-icon-svg e-far-envelope\" viewBox=\"0 0 512 512\" xmlns=\"http:\/\/www.w3.org\/2000\/svg\"><path d=\"M464 64H48C21.49 64 0 85.49 0 112v288c0 26.51 21.49 48 48 48h416c26.51 0 48-21.49 48-48V112c0-26.51-21.49-48-48-48zm0 48v40.805c-22.422 18.259-58.168 46.651-134.587 106.49-16.841 13.247-50.201 45.072-73.413 44.701-23.208.375-56.579-31.459-73.413-44.701C106.18 199.465 70.425 171.067 48 152.805V112h416zM48 400V214.398c22.914 18.251 55.409 43.862 104.938 82.646 21.857 17.205 60.134 55.186 103.062 54.955 42.717.231 80.509-37.199 103.053-54.947 49.528-38.783 82.032-64.401 104.947-82.653V400H48z\"><\/path><\/svg>\t\t\t<\/span>\n\t\t\t\t\t\t\t\t\t<span class=\"elementor-button-text\">Contacter une conseill\u00e8re ou un conseiller p\u00e9dagogique<\/span>\n\t\t\t\t\t<\/span>\n\t\t\t\t\t<\/a>\n\t\t\t\t<\/div>\n\t\t\t\t\t\t\t\t<\/div>\n\t\t\t\t<\/div>\n\t\t\t\t<\/div>\n\t\t<div class=\"elementor-element elementor-element-c4e03b2 e-con-full e-flex e-con e-child\" data-id=\"c4e03b2\" data-element_type=\"container\" data-e-type=\"container\" data-settings=\"{&quot;background_background&quot;:&quot;classic&quot;}\">\n\t\t\t\t<div class=\"elementor-element elementor-element-aba4621 elementor-widget elementor-widget-text-editor\" data-id=\"aba4621\" data-element_type=\"widget\" data-e-type=\"widget\" data-widget_type=\"text-editor.default\">\n\t\t\t\t<div class=\"elementor-widget-container\">\n\t\t\t\t\t\t\t\t\t<div id=\"yui_3_17_2_1_1758202153719_36\" class=\"theme-text\"><div id=\"yui_3_17_2_1_1758202153719_35\" class=\"theme-text-inner align-none text- rounded0 gradient0 light\"><div id=\"yui_3_17_2_1_1758202153719_34\" class=\"theme-text-text upper0 fwglobal lhglobal\"><p id=\"yui_3_17_2_1_1758202153719_45\"><b id=\"yui_3_17_2_1_1758202153719_44\">Quelques exemples du soutien offert<\/b><\/p><ul id=\"yui_3_17_2_1_1758202153719_33\"><li>Appui dans l\u2019\u00e9laboration d\u2019un plan de cours<\/li><li id=\"yui_3_17_2_1_1758202153719_55\">Propositions de formules p\u00e9dagogiques actives et adapt\u00e9es \u00e0 votre discipline<\/li><li>Soutien dans la planification et l\u2019\u00e9laboration d\u2019une formation \u00e0 distance<\/li><li>Accompagnement dans l\u2019exp\u00e9rimentation de nouvelles strat\u00e9gies p\u00e9dagogiques, par exemple la classe invers\u00e9e<\/li><li>Choix et initiation \u00e0 l\u2019utilisation de diff\u00e9rents outils technop\u00e9dagogiques<\/li><li>Soutien dans le choix et le d\u00e9veloppement de modalit\u00e9s d\u2019\u00e9valuation<\/li><li>Observation en classe<\/li><li id=\"yui_3_17_2_1_1758202153719_32\">R\u00e9troaction sur l\u2019\u00e9valuation de votre enseignement<\/li><\/ul><\/div><\/div><\/div>\t\t\t\t\t\t\t\t<\/div>\n\t\t\t\t<\/div>\n\t\t\t\t<\/div>\n\t\t\t\t\t<\/div>\n\t\t\t\t<\/div>\n\t\t\t\t<\/div>\n\t\t","protected":false},"excerpt":{"rendered":"<p>\u00c0 titre de professeur\u00b7e ou de charg\u00e9\u00b7e de cours, vous pouvez recourir, de mani\u00e8re tout \u00e0 fait confidentielle, au service de l\u2019\u00e9quipe de conseil en p\u00e9dagogie universitaire. L\u2019un\u00b7e d\u2019entre nous peut vous accompagner et vous appuyer dans les diff\u00e9rentes sph\u00e8res de votre enseignement, telles que la planification, la prestation p\u00e9dagogique, l\u2019\u00e9valuation des apprentissages et l\u2019encadrement [&hellip;]<\/p>\n","protected":false},"author":2,"featured_media":0,"parent":0,"menu_order":0,"comment_status":"closed","ping_status":"closed","template":"","meta":{"footnotes":""},"class_list":["post-479","page","type-page","status-publish","hentry"],"_links":{"self":[{"href":"https:\/\/enseigner.uqat.ca\/index.php?rest_route=\/wp\/v2\/pages\/479","targetHints":{"allow":["GET"]}}],"collection":[{"href":"https:\/\/enseigner.uqat.ca\/index.php?rest_route=\/wp\/v2\/pages"}],"about":[{"href":"https:\/\/enseigner.uqat.ca\/index.php?rest_route=\/wp\/v2\/types\/page"}],"author":[{"embeddable":true,"href":"https:\/\/enseigner.uqat.ca\/index.php?rest_route=\/wp\/v2\/users\/2"}],"replies":[{"embeddable":true,"href":"https:\/\/enseigner.uqat.ca\/index.php?rest_route=%2Fwp%2Fv2%2Fcomments&post=479"}],"version-history":[{"count":28,"href":"https:\/\/enseigner.uqat.ca\/index.php?rest_route=\/wp\/v2\/pages\/479\/revisions"}],"predecessor-version":[{"id":3022,"href":"https:\/\/enseigner.uqat.ca\/index.php?rest_route=\/wp\/v2\/pages\/479\/revisions\/3022"}],"wp:attachment":[{"href":"https:\/\/enseigner.uqat.ca\/index.php?rest_route=%2Fwp%2Fv2%2Fmedia&parent=479"}],"curies":[{"name":"wp","href":"https:\/\/api.w.org\/{rel}","templated":true}]}}