{"id":524,"date":"2025-07-03T20:54:02","date_gmt":"2025-07-03T18:54:02","guid":{"rendered":"https:\/\/enseigner-dev.uqat.ca\/?page_id=524"},"modified":"2025-12-22T18:39:37","modified_gmt":"2025-12-22T17:39:37","slug":"mediatisation-et-formation-a-distance","status":"publish","type":"page","link":"https:\/\/enseigner.uqat.ca\/?page_id=524","title":{"rendered":"M\u00e9diatisation et formation \u00e0 distance"},"content":{"rendered":"\t\t<div data-elementor-type=\"wp-page\" data-elementor-id=\"524\" class=\"elementor elementor-524\" data-elementor-post-type=\"page\">\n\t\t\t\t<div class=\"elementor-element elementor-element-7355e49 e-flex e-con-boxed e-con e-parent\" data-id=\"7355e49\" data-element_type=\"container\" data-e-type=\"container\">\n\t\t\t\t\t<div class=\"e-con-inner\">\n\t\t<div class=\"elementor-element elementor-element-17fc1c8 e-con-full e-flex e-con e-child\" data-id=\"17fc1c8\" data-element_type=\"container\" data-e-type=\"container\">\n\t\t\t\t<div class=\"elementor-element elementor-element-c189e51 elementor-widget elementor-widget-text-editor\" data-id=\"c189e51\" data-element_type=\"widget\" data-e-type=\"widget\" data-widget_type=\"text-editor.default\">\n\t\t\t\t<div class=\"elementor-widget-container\">\n\t\t\t\t\t\t\t\t\t<div id=\"yui_3_17_2_1_1758202981971_26\" class=\"mb2-pb-column col-lg-6 noempty light align-none aligncnone mobcenter0 moborder0\"><div id=\"yui_3_17_2_1_1758202981971_25\" class=\"column-inner\"><div id=\"yui_3_17_2_1_1758202981971_24\" class=\"clearfix\"><div id=\"yui_3_17_2_1_1758202981971_23\" class=\"theme-text\"><div id=\"yui_3_17_2_1_1758202981971_22\" class=\"theme-text-inner align-none text- rounded0 gradient0 light\"><div id=\"yui_3_17_2_1_1758202981971_21\" class=\"theme-text-text  upper0 fwglobal lhglobal\"><p id=\"yui_3_17_2_1_1758202981971_20\">L\u2019UQAT a offert son premier cours \u00e0 distance en mode synchrone en 1984 et son premier cours en mode asynchrone en 1998. Notre organisation, qui a toujours eu \u00e0 c\u0153ur de rendre accessible l\u2019enseignement sup\u00e9rieur, est ainsi pr\u00e9curseure dans le domaine. L\u2019UQAT offre aujourd\u2019hui, en plus des cours en mode synchrone, plus de 125 cours en mode asynchrone, r\u00e9partis dans plus d\u2019une quinzaine de programmes dans les domaines de la sant\u00e9, de la gestion, de l\u2019\u00e9ducation, de l\u2019environnement minier, du g\u00e9nie, de la foresterie, des \u00e9tudes autochtones et de l\u2019art-th\u00e9rapie.<\/p><p>L\u2019\u00e9quipe du SPUFAD accompagne les personnes enseignantes tout au long du processus de m\u00e9diatisation d\u2019un cours. Que ce soit dans la planification, dans la production ou dans l\u2019am\u00e9lioration de votre cours, l\u2019\u00e9quipe est l\u00e0 pour vous.<\/p><p id=\"yui_3_17_2_1_1758202981971_38\">Plusieurs environnements physiques sont disponibles pour la production de vos cours, dont le studio-classe (D404), le grand studio vitr\u00e9 (D402) et le petit studio (D429), ce dernier pouvant notamment servir \u00e0 l\u2019utilisation du tableau lumineux (<em>lightboard<\/em>).<\/p><\/div><\/div><\/div><\/div><\/div><\/div>\t\t\t\t\t\t\t\t<\/div>\n\t\t\t\t<\/div>\n\t\t\t\t<\/div>\n\t\t<div class=\"elementor-element elementor-element-6a1cfca e-con-full e-flex e-con e-child\" data-id=\"6a1cfca\" data-element_type=\"container\" data-e-type=\"container\">\n\t\t\t\t<div class=\"elementor-element elementor-element-b91ffac elementor-widget elementor-widget-image\" data-id=\"b91ffac\" data-element_type=\"widget\" data-e-type=\"widget\" data-widget_type=\"image.default\">\n\t\t\t\t<div class=\"elementor-widget-container\">\n\t\t\t\t\t\t\t\t\t\t\t\t\t\t\t<img fetchpriority=\"high\" decoding=\"async\" width=\"800\" height=\"600\" src=\"https:\/\/enseigner.uqat.ca\/wp-content\/uploads\/2025\/09\/studio3-1024x768.jpg\" class=\"attachment-large size-large wp-image-1263\" alt=\"\" srcset=\"https:\/\/enseigner.uqat.ca\/wp-content\/uploads\/2025\/09\/studio3-1024x768.jpg 1024w, https:\/\/enseigner.uqat.ca\/wp-content\/uploads\/2025\/09\/studio3-300x225.jpg 300w, https:\/\/enseigner.uqat.ca\/wp-content\/uploads\/2025\/09\/studio3-768x576.jpg 768w, https:\/\/enseigner.uqat.ca\/wp-content\/uploads\/2025\/09\/studio3.jpg 1174w\" sizes=\"(max-width: 800px) 100vw, 800px\" \/>\t\t\t\t\t\t\t\t\t\t\t\t\t\t\t<\/div>\n\t\t\t\t<\/div>\n\t\t\t\t<\/div>\n\t\t\t\t\t<\/div>\n\t\t\t\t<\/div>\n\t\t<div class=\"elementor-element elementor-element-b22d96a e-flex e-con-boxed e-con e-parent\" data-id=\"b22d96a\" data-element_type=\"container\" data-e-type=\"container\">\n\t\t\t\t\t<div class=\"e-con-inner\">\n\t\t\t\t<div class=\"elementor-element elementor-element-5a37cca elementor--h-position-center elementor--v-position-middle elementor-arrows-position-inside elementor-pagination-position-inside elementor-widget elementor-widget-slides\" data-id=\"5a37cca\" data-element_type=\"widget\" data-e-type=\"widget\" data-settings=\"{&quot;navigation&quot;:&quot;both&quot;,&quot;autoplay&quot;:&quot;yes&quot;,&quot;pause_on_hover&quot;:&quot;yes&quot;,&quot;pause_on_interaction&quot;:&quot;yes&quot;,&quot;autoplay_speed&quot;:5000,&quot;infinite&quot;:&quot;yes&quot;,&quot;transition&quot;:&quot;slide&quot;,&quot;transition_speed&quot;:500}\" data-widget_type=\"slides.default\">\n\t\t\t\t<div class=\"elementor-widget-container\">\n\t\t\t\t\t\t\t\t\t<div class=\"elementor-swiper\">\n\t\t\t\t\t<div class=\"elementor-slides-wrapper elementor-main-swiper swiper\" role=\"region\" aria-roledescription=\"carousel\" aria-label=\"Diapositives\" dir=\"ltr\" data-animation=\"fadeInUp\">\n\t\t\t\t<div class=\"swiper-wrapper elementor-slides\">\n\t\t\t\t\t\t\t\t\t\t<div class=\"elementor-repeater-item-07162cd swiper-slide\" role=\"group\" aria-roledescription=\"slide\"><div class=\"swiper-slide-bg\" role=\"img\" aria-label=\"BBT_Light_board\"><\/div><div class=\"swiper-slide-inner\" ><div class=\"swiper-slide-contents\"><div class=\"elementor-slide-heading\">D\u00e9monstration math\u00e9matique au lightboard<\/div><div class=\"elementor-slide-description\">Capsule vid\u00e9o o\u00f9 l'enseignant fait face \u00e0 la cam\u00e9ra et donne ses explication sur un tableau de verre illumin\u00e9.<\/div><\/div><\/div><\/div><div class=\"elementor-repeater-item-51a3862 swiper-slide\" role=\"group\" aria-roledescription=\"slide\"><div class=\"swiper-slide-bg\" role=\"img\" aria-label=\"Examen clinique\"><\/div><div class=\"swiper-slide-inner\" ><div class=\"swiper-slide-contents\"><div class=\"elementor-slide-heading\">L'examen clinique en body painting<\/div><div class=\"elementor-slide-description\">Le positionnement de l'instrument est rendu visible gr\u00e2ce au body painting.<\/div><\/div><\/div><\/div><div class=\"elementor-repeater-item-bc70cc9 swiper-slide\" role=\"group\" aria-roledescription=\"slide\"><div class=\"swiper-slide-bg\" role=\"img\" aria-label=\"tournage site minier\"><\/div><div class=\"elementor-background-overlay\"><\/div><div class=\"swiper-slide-inner\" ><div class=\"swiper-slide-contents\"><div class=\"elementor-slide-heading\">Tournage sur site minier<\/div><div class=\"elementor-slide-description\">L'\u00e9quipe r\u00e9alise de nombreux tournages externes, dont certains en for\u00eat, en entreprise, ou sur des sites miniers.<\/div><\/div><\/div><\/div>\t\t\t\t<\/div>\n\t\t\t\t\t\t\t\t\t\t\t\t\t\t\t<div class=\"elementor-swiper-button elementor-swiper-button-prev\" role=\"button\" tabindex=\"0\" aria-label=\"Diapositive pr\u00e9c\u00e9dente\">\n\t\t\t\t\t\t\t<svg aria-hidden=\"true\" class=\"e-font-icon-svg e-eicon-chevron-left\" viewBox=\"0 0 1000 1000\" xmlns=\"http:\/\/www.w3.org\/2000\/svg\"><path d=\"M646 125C629 125 613 133 604 142L308 442C296 454 292 471 292 487 292 504 296 521 308 533L604 854C617 867 629 875 646 875 663 875 679 871 692 858 704 846 713 829 713 812 713 796 708 779 692 767L438 487 692 225C700 217 708 204 708 187 708 171 704 154 692 142 675 129 663 125 646 125Z\"><\/path><\/svg>\t\t\t\t\t\t<\/div>\n\t\t\t\t\t\t<div class=\"elementor-swiper-button elementor-swiper-button-next\" role=\"button\" tabindex=\"0\" aria-label=\"Diapositive suivante\">\n\t\t\t\t\t\t\t<svg aria-hidden=\"true\" class=\"e-font-icon-svg e-eicon-chevron-right\" viewBox=\"0 0 1000 1000\" xmlns=\"http:\/\/www.w3.org\/2000\/svg\"><path d=\"M696 533C708 521 713 504 713 487 713 471 708 454 696 446L400 146C388 133 375 125 354 125 338 125 325 129 313 142 300 154 292 171 292 187 292 204 296 221 308 233L563 492 304 771C292 783 288 800 288 817 288 833 296 850 308 863 321 871 338 875 354 875 371 875 388 867 400 854L696 533Z\"><\/path><\/svg>\t\t\t\t\t\t<\/div>\n\t\t\t\t\t\t\t\t\t\t\t\t\t\t\t\t<div class=\"swiper-pagination\"><\/div>\n\t\t\t\t\t\t\t\t\t\t\t\t<\/div>\n\t\t\t\t<\/div>\n\t\t\t\t\t\t\t\t<\/div>\n\t\t\t\t<\/div>\n\t\t\t\t\t<\/div>\n\t\t\t\t<\/div>\n\t\t\t\t<\/div>\n\t\t","protected":false},"excerpt":{"rendered":"<p>L\u2019UQAT a offert son premier cours \u00e0 distance en mode synchrone en 1984 et son premier cours en mode asynchrone en 1998. Notre organisation, qui a toujours eu \u00e0 c\u0153ur de rendre accessible l\u2019enseignement sup\u00e9rieur, est ainsi pr\u00e9curseure dans le domaine. L\u2019UQAT offre aujourd\u2019hui, en plus des cours en mode synchrone, plus de 125 cours [&hellip;]<\/p>\n","protected":false},"author":2,"featured_media":0,"parent":0,"menu_order":0,"comment_status":"closed","ping_status":"closed","template":"","meta":{"footnotes":""},"class_list":["post-524","page","type-page","status-publish","hentry"],"_links":{"self":[{"href":"https:\/\/enseigner.uqat.ca\/index.php?rest_route=\/wp\/v2\/pages\/524","targetHints":{"allow":["GET"]}}],"collection":[{"href":"https:\/\/enseigner.uqat.ca\/index.php?rest_route=\/wp\/v2\/pages"}],"about":[{"href":"https:\/\/enseigner.uqat.ca\/index.php?rest_route=\/wp\/v2\/types\/page"}],"author":[{"embeddable":true,"href":"https:\/\/enseigner.uqat.ca\/index.php?rest_route=\/wp\/v2\/users\/2"}],"replies":[{"embeddable":true,"href":"https:\/\/enseigner.uqat.ca\/index.php?rest_route=%2Fwp%2Fv2%2Fcomments&post=524"}],"version-history":[{"count":7,"href":"https:\/\/enseigner.uqat.ca\/index.php?rest_route=\/wp\/v2\/pages\/524\/revisions"}],"predecessor-version":[{"id":2523,"href":"https:\/\/enseigner.uqat.ca\/index.php?rest_route=\/wp\/v2\/pages\/524\/revisions\/2523"}],"wp:attachment":[{"href":"https:\/\/enseigner.uqat.ca\/index.php?rest_route=%2Fwp%2Fv2%2Fmedia&parent=524"}],"curies":[{"name":"wp","href":"https:\/\/api.w.org\/{rel}","templated":true}]}}