{"id":528,"date":"2025-07-03T20:54:46","date_gmt":"2025-07-03T18:54:46","guid":{"rendered":"https:\/\/enseigner-dev.uqat.ca\/?page_id=528"},"modified":"2025-12-23T15:25:38","modified_gmt":"2025-12-23T14:25:38","slug":"production-numerique","status":"publish","type":"page","link":"https:\/\/enseigner.uqat.ca\/?page_id=528","title":{"rendered":"Production num\u00e9rique"},"content":{"rendered":"\t\t<div data-elementor-type=\"wp-page\" data-elementor-id=\"528\" class=\"elementor elementor-528\" data-elementor-post-type=\"page\">\n\t\t\t\t<div class=\"elementor-element elementor-element-d13b98b e-flex e-con-boxed e-con e-parent\" data-id=\"d13b98b\" data-element_type=\"container\" data-e-type=\"container\">\n\t\t\t\t\t<div class=\"e-con-inner\">\n\t\t\t\t<div class=\"elementor-element elementor-element-2aea2a9 elementor-widget elementor-widget-text-editor\" data-id=\"2aea2a9\" data-element_type=\"widget\" data-e-type=\"widget\" data-widget_type=\"text-editor.default\">\n\t\t\t\t<div class=\"elementor-widget-container\">\n\t\t\t\t\t\t\t\t\t<div id=\"yui_3_17_2_1_1758205164811_28\" class=\"container-fluid\"><div id=\"yui_3_17_2_1_1758205164811_27\" class=\"row\"><div id=\"yui_3_17_2_1_1758205164811_26\" class=\"mb2-pb-column col-lg-12 noempty light align-none aligncnone mobcenter0 moborder0\"><div id=\"yui_3_17_2_1_1758205164811_25\" class=\"column-inner\"><div id=\"yui_3_17_2_1_1758205164811_24\" class=\"clearfix\"><div id=\"yui_3_17_2_1_1758205164811_23\" class=\"theme-text\"><div id=\"yui_3_17_2_1_1758205164811_22\" class=\"theme-text-inner align-none text- rounded0 gradient0 light\"><div id=\"yui_3_17_2_1_1758205164811_21\" class=\"theme-text-text upper0 fwglobal lhglobal\"><p id=\"yui_3_17_2_1_1758205164811_20\">Dans le cadre de certains projets (par exemple ceux financ\u00e9s par le <a href=\"https:\/\/enseigner.uqat.ca\/?page_id=568\">Fonds de p\u00e9dagogie universitaire<\/a>), notre \u00e9quipe de la production num\u00e9rique peut vous accompagner dans la cr\u00e9ation de mat\u00e9riel p\u00e9dagogique pour vos cours. Que ce soit pour produire une vid\u00e9o, un enregistrement audio ou encore cr\u00e9er une animation visuelle, notre \u00e9quipe est l\u00e0 pour vous accompagner. Comme une image vaut milles mots, voici quelques extraits vid\u00e9os qui pr\u00e9sentent un aper\u00e7u des projets que nous pouvons r\u00e9aliser avec vous.<\/p><\/div><\/div><\/div><\/div><\/div><\/div><\/div><\/div>\t\t\t\t\t\t\t\t<\/div>\n\t\t\t\t<\/div>\n\t\t\t\t\t<\/div>\n\t\t\t\t<\/div>\n\t\t<div class=\"elementor-element elementor-element-39031d7 e-flex e-con-boxed e-con e-parent\" data-id=\"39031d7\" data-element_type=\"container\" data-e-type=\"container\" data-settings=\"{&quot;background_background&quot;:&quot;classic&quot;}\">\n\t\t\t\t\t<div class=\"e-con-inner\">\n\t\t<div class=\"elementor-element elementor-element-f0dc251 e-con-full e-flex e-con e-child\" data-id=\"f0dc251\" data-element_type=\"container\" data-e-type=\"container\" data-settings=\"{&quot;background_background&quot;:&quot;classic&quot;}\">\n\t\t\t\t<div class=\"elementor-element elementor-element-e5eb95b elementor-widget elementor-widget-text-editor\" data-id=\"e5eb95b\" data-element_type=\"widget\" data-e-type=\"widget\" data-widget_type=\"text-editor.default\">\n\t\t\t\t<div class=\"elementor-widget-container\">\n\t\t\t\t\t\t\t\t\t<p><strong>Exemples de r\u00e9alisations en production num\u00e9rique<\/strong> :<\/p><ul><li><a href=\"https:\/\/uqat.ca.panopto.com\/Panopto\/Pages\/Embed.aspx?id=64073c13-9287-411f-a200-ab65000aa22d\" target=\"_blank\" rel=\"noreferrer noopener\">Extrait capsule vie \u00e9tudiante<\/a><\/li><li><a href=\"https:\/\/uqat.ca.panopto.com\/Panopto\/Pages\/Viewer.aspx?id=a60ecdb5-3a1d-4fa1-8e3b-ab65000aa1fe\" target=\"_blank\" rel=\"noreferrer noopener\">Extrait capsule promo FAD<\/a><\/li><\/ul>\t\t\t\t\t\t\t\t<\/div>\n\t\t\t\t<\/div>\n\t\t\t\t<div class=\"elementor-element elementor-element-11d7935 elementor-widget elementor-widget-button\" data-id=\"11d7935\" data-element_type=\"widget\" data-e-type=\"widget\" data-widget_type=\"button.default\">\n\t\t\t\t<div class=\"elementor-widget-container\">\n\t\t\t\t\t\t\t\t\t<div class=\"elementor-button-wrapper\">\n\t\t\t\t\t<a class=\"elementor-button elementor-button-link elementor-size-sm\" href=\"mailto:spufad@uqat.ca\">\n\t\t\t\t\t\t<span class=\"elementor-button-content-wrapper\">\n\t\t\t\t\t\t<span class=\"elementor-button-icon\">\n\t\t\t\t<svg aria-hidden=\"true\" class=\"e-font-icon-svg e-far-envelope\" viewBox=\"0 0 512 512\" xmlns=\"http:\/\/www.w3.org\/2000\/svg\"><path d=\"M464 64H48C21.49 64 0 85.49 0 112v288c0 26.51 21.49 48 48 48h416c26.51 0 48-21.49 48-48V112c0-26.51-21.49-48-48-48zm0 48v40.805c-22.422 18.259-58.168 46.651-134.587 106.49-16.841 13.247-50.201 45.072-73.413 44.701-23.208.375-56.579-31.459-73.413-44.701C106.18 199.465 70.425 171.067 48 152.805V112h416zM48 400V214.398c22.914 18.251 55.409 43.862 104.938 82.646 21.857 17.205 60.134 55.186 103.062 54.955 42.717.231 80.509-37.199 103.053-54.947 49.528-38.783 82.032-64.401 104.947-82.653V400H48z\"><\/path><\/svg>\t\t\t<\/span>\n\t\t\t\t\t\t\t\t\t<span class=\"elementor-button-text\">Contacter notre \u00e9quipe de production<\/span>\n\t\t\t\t\t<\/span>\n\t\t\t\t\t<\/a>\n\t\t\t\t<\/div>\n\t\t\t\t\t\t\t\t<\/div>\n\t\t\t\t<\/div>\n\t\t\t\t<\/div>\n\t\t<div class=\"elementor-element elementor-element-5fd6ba9 e-con-full e-flex e-con e-child\" data-id=\"5fd6ba9\" data-element_type=\"container\" data-e-type=\"container\">\n\t\t\t\t<div class=\"elementor-element elementor-element-9ba9f32 elementor-widget elementor-widget-image\" data-id=\"9ba9f32\" data-element_type=\"widget\" data-e-type=\"widget\" data-widget_type=\"image.default\">\n\t\t\t\t<div class=\"elementor-widget-container\">\n\t\t\t\t\t\t\t\t\t\t\t\t\t\t\t<img fetchpriority=\"high\" decoding=\"async\" width=\"800\" height=\"534\" src=\"https:\/\/enseigner.uqat.ca\/wp-content\/uploads\/2025\/09\/jessyp_2552-1024x683.jpg\" class=\"attachment-large size-large wp-image-1275\" alt=\"\" srcset=\"https:\/\/enseigner.uqat.ca\/wp-content\/uploads\/2025\/09\/jessyp_2552-1024x683.jpg 1024w, https:\/\/enseigner.uqat.ca\/wp-content\/uploads\/2025\/09\/jessyp_2552-300x200.jpg 300w, https:\/\/enseigner.uqat.ca\/wp-content\/uploads\/2025\/09\/jessyp_2552-768x512.jpg 768w, https:\/\/enseigner.uqat.ca\/wp-content\/uploads\/2025\/09\/jessyp_2552-1536x1024.jpg 1536w, https:\/\/enseigner.uqat.ca\/wp-content\/uploads\/2025\/09\/jessyp_2552-2048x1365.jpg 2048w\" sizes=\"(max-width: 800px) 100vw, 800px\" \/>\t\t\t\t\t\t\t\t\t\t\t\t\t\t\t<\/div>\n\t\t\t\t<\/div>\n\t\t\t\t<\/div>\n\t\t\t\t\t<\/div>\n\t\t\t\t<\/div>\n\t\t\t\t<\/div>\n\t\t","protected":false},"excerpt":{"rendered":"<p>Dans le cadre de certains projets (par exemple ceux financ\u00e9s par le Fonds de p\u00e9dagogie universitaire), notre \u00e9quipe de la production num\u00e9rique peut vous accompagner dans la cr\u00e9ation de mat\u00e9riel p\u00e9dagogique pour vos cours. Que ce soit pour produire une vid\u00e9o, un enregistrement audio ou encore cr\u00e9er une animation visuelle, notre \u00e9quipe est l\u00e0 pour [&hellip;]<\/p>\n","protected":false},"author":2,"featured_media":0,"parent":0,"menu_order":0,"comment_status":"closed","ping_status":"closed","template":"","meta":{"footnotes":""},"class_list":["post-528","page","type-page","status-publish","hentry"],"_links":{"self":[{"href":"https:\/\/enseigner.uqat.ca\/index.php?rest_route=\/wp\/v2\/pages\/528","targetHints":{"allow":["GET"]}}],"collection":[{"href":"https:\/\/enseigner.uqat.ca\/index.php?rest_route=\/wp\/v2\/pages"}],"about":[{"href":"https:\/\/enseigner.uqat.ca\/index.php?rest_route=\/wp\/v2\/types\/page"}],"author":[{"embeddable":true,"href":"https:\/\/enseigner.uqat.ca\/index.php?rest_route=\/wp\/v2\/users\/2"}],"replies":[{"embeddable":true,"href":"https:\/\/enseigner.uqat.ca\/index.php?rest_route=%2Fwp%2Fv2%2Fcomments&post=528"}],"version-history":[{"count":10,"href":"https:\/\/enseigner.uqat.ca\/index.php?rest_route=\/wp\/v2\/pages\/528\/revisions"}],"predecessor-version":[{"id":2693,"href":"https:\/\/enseigner.uqat.ca\/index.php?rest_route=\/wp\/v2\/pages\/528\/revisions\/2693"}],"wp:attachment":[{"href":"https:\/\/enseigner.uqat.ca\/index.php?rest_route=%2Fwp%2Fv2%2Fmedia&parent=528"}],"curies":[{"name":"wp","href":"https:\/\/api.w.org\/{rel}","templated":true}]}}