{"id":542,"date":"2025-07-03T21:41:16","date_gmt":"2025-07-03T19:41:16","guid":{"rendered":"https:\/\/enseigner-dev.uqat.ca\/?page_id=542"},"modified":"2025-09-18T16:35:13","modified_gmt":"2025-09-18T14:35:13","slug":"enseignement-apprentissage-en-studio","status":"publish","type":"page","link":"https:\/\/enseigner.uqat.ca\/?page_id=542","title":{"rendered":"Enseignement-apprentissage en studio"},"content":{"rendered":"\t\t<div data-elementor-type=\"wp-page\" data-elementor-id=\"542\" class=\"elementor elementor-542\" data-elementor-post-type=\"page\">\n\t\t\t\t<div class=\"elementor-element elementor-element-e870be8 e-flex e-con-boxed e-con e-parent\" data-id=\"e870be8\" data-element_type=\"container\" data-e-type=\"container\">\n\t\t\t\t\t<div class=\"e-con-inner\">\n\t\t<div class=\"elementor-element elementor-element-16f2ee0 e-con-full e-flex e-con e-child\" data-id=\"16f2ee0\" data-element_type=\"container\" data-e-type=\"container\">\n\t\t\t\t<div class=\"elementor-element elementor-element-4a5fcd7 elementor-widget elementor-widget-text-editor\" data-id=\"4a5fcd7\" data-element_type=\"widget\" data-e-type=\"widget\" data-widget_type=\"text-editor.default\">\n\t\t\t\t<div class=\"elementor-widget-container\">\n\t\t\t\t\t\t\t\t\t<div id=\"yui_3_17_2_1_1758205629441_26\" class=\"mb2-pb-column col-lg-8 noempty light align-none aligncnone mobcenter0 moborder0\"><div id=\"yui_3_17_2_1_1758205629441_25\" class=\"column-inner\"><div id=\"yui_3_17_2_1_1758205629441_24\" class=\"clearfix\"><div id=\"yui_3_17_2_1_1758205629441_23\" class=\"theme-text\"><div id=\"yui_3_17_2_1_1758205629441_22\" class=\"theme-text-inner align-none text- rounded0 gradient0 light\"><div id=\"yui_3_17_2_1_1758205629441_21\" class=\"theme-text-text  upper0 fwglobal lhglobal\"><p id=\"yui_3_17_2_1_1758205629441_20\">Le studio d\u2019observation est un espace d\u2019enseignement-apprentissage offrant une grande vari\u00e9t\u00e9 de possibilit\u00e9s. En effet, il est compos\u00e9 d\u2019une section classe plus conventionnelle qui est s\u00e9par\u00e9e de l\u2019espace studio par une vitre teint\u00e9e. Ainsi, le studio d\u2019observation est un lieu tout d\u00e9sign\u00e9 pour mettre en \u0153uvre des situations d\u2019apprentissage ou d\u2019\u00e9valuation comme la simulation-observation et la mise en situation vivante. La partie classe \u00e9tant munie de deux \u00e9crans et de haut-parleur, les personnes \u00e9tudiantes peuvent suivre l\u2019activit\u00e9 se d\u00e9roulant dans la partie studio et y r\u00e9agir simultan\u00e9ment.<\/p><p id=\"yui_3_17_2_1_1758205629441_39\"><span id=\"yui_3_17_2_1_1758205629441_38\">Puisque le studio est \u00e9quip\u00e9 de cam\u00e9ras et de projecteurs, cet espace est aussi un lieu de tournage pour des projets \u00e9tudiants ou encore pour conserver une trace des situations d\u2019apprentissage ou d\u2019\u00e9valuation qui y sont v\u00e9cues. Par exemple, des expos\u00e9s oraux pourraient y \u00eatre enregistr\u00e9s afin que les personnes \u00e9tudiantes puissent s\u2019auto\u00e9valuer ou \u00e9valuer leurs pairs. Tant de projets p\u00e9dagogiques peuvent y \u00eatre d\u00e9velopp\u00e9s, et ce, avec l\u2019accompagnement de Jocelyn Marchand, technicien en production num\u00e9rique du SPUFAD, qui guide les utilisateur\u00b7rice\u00b7s du studio d\u2019observation depuis plus de 10 ans en leur fournissant conseils, support technique et qui\u00e9tude. N\u2019h\u00e9sitez pas \u00e0 <a href=\"https:\/\/www.uqat.ca\/services\/personnel\/fiche.asp?Fiche=990036\" data-wplink-edit=\"true\">contacter Jocelyn <\/a>pour \u00e9changer sur les possibilit\u00e9s du grand studio et pr\u00e9voir vos activit\u00e9s.<\/span><\/p><\/div><\/div><\/div><\/div><\/div><\/div>\t\t\t\t\t\t\t\t<\/div>\n\t\t\t\t<\/div>\n\t\t\t\t<\/div>\n\t\t<div class=\"elementor-element elementor-element-efa2986 e-con-full e-flex e-con e-child\" data-id=\"efa2986\" data-element_type=\"container\" data-e-type=\"container\">\n\t\t\t\t<div class=\"elementor-element elementor-element-221bd2c elementor-widget elementor-widget-image\" data-id=\"221bd2c\" data-element_type=\"widget\" data-e-type=\"widget\" data-widget_type=\"image.default\">\n\t\t\t\t<div class=\"elementor-widget-container\">\n\t\t\t\t\t\t\t\t\t\t\t\t\t\t\t<img fetchpriority=\"high\" decoding=\"async\" width=\"800\" height=\"600\" src=\"https:\/\/enseigner.uqat.ca\/wp-content\/uploads\/2025\/09\/studio-1024x768.jpg\" class=\"attachment-large size-large wp-image-1279\" alt=\"\" srcset=\"https:\/\/enseigner.uqat.ca\/wp-content\/uploads\/2025\/09\/studio-1024x768.jpg 1024w, https:\/\/enseigner.uqat.ca\/wp-content\/uploads\/2025\/09\/studio-300x225.jpg 300w, https:\/\/enseigner.uqat.ca\/wp-content\/uploads\/2025\/09\/studio-768x576.jpg 768w, https:\/\/enseigner.uqat.ca\/wp-content\/uploads\/2025\/09\/studio.jpg 1174w\" sizes=\"(max-width: 800px) 100vw, 800px\" \/>\t\t\t\t\t\t\t\t\t\t\t\t\t\t\t<\/div>\n\t\t\t\t<\/div>\n\t\t\t\t<div class=\"elementor-element elementor-element-cde30dc elementor-align-center elementor-widget elementor-widget-button\" data-id=\"cde30dc\" data-element_type=\"widget\" data-e-type=\"widget\" data-widget_type=\"button.default\">\n\t\t\t\t<div class=\"elementor-widget-container\">\n\t\t\t\t\t\t\t\t\t<div class=\"elementor-button-wrapper\">\n\t\t\t\t\t<a class=\"elementor-button elementor-button-link elementor-size-sm\" href=\"mailto:spufad@uqat.ca\">\n\t\t\t\t\t\t<span class=\"elementor-button-content-wrapper\">\n\t\t\t\t\t\t<span class=\"elementor-button-icon\">\n\t\t\t\t<svg aria-hidden=\"true\" class=\"e-font-icon-svg e-far-calendar-alt\" viewBox=\"0 0 448 512\" xmlns=\"http:\/\/www.w3.org\/2000\/svg\"><path d=\"M148 288h-40c-6.6 0-12-5.4-12-12v-40c0-6.6 5.4-12 12-12h40c6.6 0 12 5.4 12 12v40c0 6.6-5.4 12-12 12zm108-12v-40c0-6.6-5.4-12-12-12h-40c-6.6 0-12 5.4-12 12v40c0 6.6 5.4 12 12 12h40c6.6 0 12-5.4 12-12zm96 0v-40c0-6.6-5.4-12-12-12h-40c-6.6 0-12 5.4-12 12v40c0 6.6 5.4 12 12 12h40c6.6 0 12-5.4 12-12zm-96 96v-40c0-6.6-5.4-12-12-12h-40c-6.6 0-12 5.4-12 12v40c0 6.6 5.4 12 12 12h40c6.6 0 12-5.4 12-12zm-96 0v-40c0-6.6-5.4-12-12-12h-40c-6.6 0-12 5.4-12 12v40c0 6.6 5.4 12 12 12h40c6.6 0 12-5.4 12-12zm192 0v-40c0-6.6-5.4-12-12-12h-40c-6.6 0-12 5.4-12 12v40c0 6.6 5.4 12 12 12h40c6.6 0 12-5.4 12-12zm96-260v352c0 26.5-21.5 48-48 48H48c-26.5 0-48-21.5-48-48V112c0-26.5 21.5-48 48-48h48V12c0-6.6 5.4-12 12-12h40c6.6 0 12 5.4 12 12v52h128V12c0-6.6 5.4-12 12-12h40c6.6 0 12 5.4 12 12v52h48c26.5 0 48 21.5 48 48zm-48 346V160H48v298c0 3.3 2.7 6 6 6h340c3.3 0 6-2.7 6-6z\"><\/path><\/svg>\t\t\t<\/span>\n\t\t\t\t\t\t\t\t\t<span class=\"elementor-button-text\">R\u00e9server le studio<\/span>\n\t\t\t\t\t<\/span>\n\t\t\t\t\t<\/a>\n\t\t\t\t<\/div>\n\t\t\t\t\t\t\t\t<\/div>\n\t\t\t\t<\/div>\n\t\t\t\t<\/div>\n\t\t\t\t\t<\/div>\n\t\t\t\t<\/div>\n\t\t\t\t<\/div>\n\t\t","protected":false},"excerpt":{"rendered":"<p>Le studio d\u2019observation est un espace d\u2019enseignement-apprentissage offrant une grande vari\u00e9t\u00e9 de possibilit\u00e9s. En effet, il est compos\u00e9 d\u2019une section classe plus conventionnelle qui est s\u00e9par\u00e9e de l\u2019espace studio par une vitre teint\u00e9e. Ainsi, le studio d\u2019observation est un lieu tout d\u00e9sign\u00e9 pour mettre en \u0153uvre des situations d\u2019apprentissage ou d\u2019\u00e9valuation comme la simulation-observation et [&hellip;]<\/p>\n","protected":false},"author":2,"featured_media":0,"parent":0,"menu_order":0,"comment_status":"closed","ping_status":"closed","template":"","meta":{"footnotes":""},"class_list":["post-542","page","type-page","status-publish","hentry"],"_links":{"self":[{"href":"https:\/\/enseigner.uqat.ca\/index.php?rest_route=\/wp\/v2\/pages\/542","targetHints":{"allow":["GET"]}}],"collection":[{"href":"https:\/\/enseigner.uqat.ca\/index.php?rest_route=\/wp\/v2\/pages"}],"about":[{"href":"https:\/\/enseigner.uqat.ca\/index.php?rest_route=\/wp\/v2\/types\/page"}],"author":[{"embeddable":true,"href":"https:\/\/enseigner.uqat.ca\/index.php?rest_route=\/wp\/v2\/users\/2"}],"replies":[{"embeddable":true,"href":"https:\/\/enseigner.uqat.ca\/index.php?rest_route=%2Fwp%2Fv2%2Fcomments&post=542"}],"version-history":[{"count":7,"href":"https:\/\/enseigner.uqat.ca\/index.php?rest_route=\/wp\/v2\/pages\/542\/revisions"}],"predecessor-version":[{"id":1286,"href":"https:\/\/enseigner.uqat.ca\/index.php?rest_route=\/wp\/v2\/pages\/542\/revisions\/1286"}],"wp:attachment":[{"href":"https:\/\/enseigner.uqat.ca\/index.php?rest_route=%2Fwp%2Fv2%2Fmedia&parent=542"}],"curies":[{"name":"wp","href":"https:\/\/api.w.org\/{rel}","templated":true}]}}