{"id":587,"date":"2025-09-04T19:22:41","date_gmt":"2025-09-04T17:22:41","guid":{"rendered":"https:\/\/enseigner-dev.uqat.ca\/?page_id=587"},"modified":"2026-04-14T15:10:06","modified_gmt":"2026-04-14T13:10:06","slug":"elementor-page-587","status":"publish","type":"page","link":"https:\/\/enseigner.uqat.ca\/?page_id=587","title":{"rendered":"Comit\u00e9 de valorisation de l\u2019enseignement (CVALE)"},"content":{"rendered":"\t\t<div data-elementor-type=\"wp-page\" data-elementor-id=\"587\" class=\"elementor elementor-587\" data-elementor-post-type=\"page\">\n\t\t\t\t<div class=\"elementor-element elementor-element-306386b e-flex e-con-boxed e-con e-parent\" data-id=\"306386b\" data-element_type=\"container\" data-e-type=\"container\">\n\t\t\t\t\t<div class=\"e-con-inner\">\n\t\t<div class=\"elementor-element elementor-element-0acdbbe e-con-full e-flex e-con e-child\" data-id=\"0acdbbe\" data-element_type=\"container\" data-e-type=\"container\">\n\t\t\t\t<div class=\"elementor-element elementor-element-a61c49a elementor-widget elementor-widget-heading\" data-id=\"a61c49a\" data-element_type=\"widget\" data-e-type=\"widget\" data-widget_type=\"heading.default\">\n\t\t\t\t<div class=\"elementor-widget-container\">\n\t\t\t\t\t<h2 class=\"elementor-heading-title elementor-size-default\">Mission du comit\u00e9<\/h2>\t\t\t\t<\/div>\n\t\t\t\t<\/div>\n\t\t\t\t<div class=\"elementor-element elementor-element-31d515e elementor-widget elementor-widget-text-editor\" data-id=\"31d515e\" data-element_type=\"widget\" data-e-type=\"widget\" data-widget_type=\"text-editor.default\">\n\t\t\t\t<div class=\"elementor-widget-container\">\n\t\t\t\t\t\t\t\t\t<div id=\"yui_3_17_2_1_1757006554860_23\" class=\"theme-text\"><div id=\"yui_3_17_2_1_1757006554860_22\" class=\"theme-text-inner align-none text- rounded0 gradient0 light\"><div id=\"yui_3_17_2_1_1757006554860_21\" class=\"theme-text-text upper0 fwglobal lhglobal\"><p id=\"yui_3_17_2_1_1757006554860_20\">Le comit\u00e9 de valorisation de l\u2019enseignement a pour mission la valorisation et la reconnaissance du personnel enseignant, de l\u2019enseignement et de la formation, et le d\u00e9veloppement des connaissances et comp\u00e9tences en p\u00e9dagogie universitaire \u00e0 l\u2019UQAT.<\/p><\/div><\/div><\/div>\t\t\t\t\t\t\t\t<\/div>\n\t\t\t\t<\/div>\n\t\t\t\t<\/div>\n\t\t<div class=\"elementor-element elementor-element-3ceedae e-con-full e-flex e-con e-child\" data-id=\"3ceedae\" data-element_type=\"container\" data-e-type=\"container\">\n\t\t\t\t<div class=\"elementor-element elementor-element-e8f6054 elementor-widget elementor-widget-image\" data-id=\"e8f6054\" data-element_type=\"widget\" data-e-type=\"widget\" data-widget_type=\"image.default\">\n\t\t\t\t<div class=\"elementor-widget-container\">\n\t\t\t\t\t\t\t\t\t\t\t\t\t\t\t<img fetchpriority=\"high\" decoding=\"async\" width=\"300\" height=\"195\" src=\"https:\/\/enseigner.uqat.ca\/wp-content\/uploads\/2025\/09\/Capture-decran-2024-09-03-080331-300x195.png\" class=\"attachment-medium size-medium wp-image-589\" alt=\"\" srcset=\"https:\/\/enseigner.uqat.ca\/wp-content\/uploads\/2025\/09\/Capture-decran-2024-09-03-080331-300x195.png 300w, https:\/\/enseigner.uqat.ca\/wp-content\/uploads\/2025\/09\/Capture-decran-2024-09-03-080331-1024x667.png 1024w, https:\/\/enseigner.uqat.ca\/wp-content\/uploads\/2025\/09\/Capture-decran-2024-09-03-080331-768x500.png 768w, https:\/\/enseigner.uqat.ca\/wp-content\/uploads\/2025\/09\/Capture-decran-2024-09-03-080331.png 1424w\" sizes=\"(max-width: 300px) 100vw, 300px\" \/>\t\t\t\t\t\t\t\t\t\t\t\t\t\t\t<\/div>\n\t\t\t\t<\/div>\n\t\t\t\t<\/div>\n\t\t\t\t\t<\/div>\n\t\t\t\t<\/div>\n\t\t<div class=\"elementor-element elementor-element-5cf63f9 e-flex e-con-boxed e-con e-parent\" data-id=\"5cf63f9\" data-element_type=\"container\" data-e-type=\"container\">\n\t\t\t\t\t<div class=\"e-con-inner\">\n\t\t\t\t<div class=\"elementor-element elementor-element-50883f9 elementor-widget elementor-widget-heading\" data-id=\"50883f9\" data-element_type=\"widget\" data-e-type=\"widget\" data-widget_type=\"heading.default\">\n\t\t\t\t<div class=\"elementor-widget-container\">\n\t\t\t\t\t<h2 class=\"elementor-heading-title elementor-size-default\">R\u00f4les et mandats du comit\u00e9<\/h2>\t\t\t\t<\/div>\n\t\t\t\t<\/div>\n\t\t\t\t<div class=\"elementor-element elementor-element-5d0dbbe elementor-widget elementor-widget-text-editor\" data-id=\"5d0dbbe\" data-element_type=\"widget\" data-e-type=\"widget\" data-widget_type=\"text-editor.default\">\n\t\t\t\t<div class=\"elementor-widget-container\">\n\t\t\t\t\t\t\t\t\t<div id=\"yui_3_17_2_1_1757006554860_54\" class=\"theme-text\"><div id=\"yui_3_17_2_1_1757006554860_53\" class=\"theme-text-inner align-none text- rounded0 gradient0 light\"><div id=\"yui_3_17_2_1_1757006554860_52\" class=\"theme-text-text  upper0 fwglobal lhglobal\"><p>Le comit\u00e9 de valorisation de l\u2019enseignement est une instance institutionnelle qui a pour mandats :<\/p><ul><li>De conseiller le doyen \u00e0 la gestion acad\u00e9mique relativement \u00e0 la d\u00e9finition et \u00e0 la mise en \u0153uvre des orientations p\u00e9dagogiques, notamment en ce qui concerne :<ul><li>L\u2019ensemble des services de soutien \u00e0 l\u2019enseignement offerts;<\/li><li>La promotion de l\u2019innovation en p\u00e9dagogie universitaire et en formation \u00e0 distance;<\/li><li>Les r\u00e8glements et les politiques institutionnels relatifs \u00e0 l\u2019enseignement;<\/li><li>Les liens et les partenariats entre les unit\u00e9s d\u2019enseignement et de recherche, les Instituts et les \u00c9coles;<\/li><li>Les mesures soutenant le d\u00e9veloppement professionnel du personnel enseignant;<\/li><li>Les strat\u00e9gies et les moyens visant \u00e0 assurer la valorisation des enseignants, de<\/li><li>l\u2019enseignement ainsi que la reconnaissance de sa qualit\u00e9 (notamment en participant \u00e0 l\u2019organisation et \u00e0 la promotion des Journ\u00e9es de l\u2019enseignement universitaire et des Prix reconnaissance en enseignement universitaire);<\/li><li>Les strat\u00e9gies de valorisation des \u00e9l\u00e9ments d\u2019ordre p\u00e9dagogiques li\u00e9s aux dossiers de promotion;<\/li><li>Les orientations strat\u00e9giques et op\u00e9rationnelles de l\u2019Universit\u00e9 en mati\u00e8re d\u2019enseignement, de p\u00e9dagogie, de formation \u00e0 distance et de recherche en p\u00e9dagogie universitaire;<\/li><li>L\u2019\u00e9valuation des enseignements, notamment quant \u00e0 : (a) l\u2019utilisation des informations recueillies dans les \u00e9valuations des enseignements lors de l\u2019\u00e9valuation des programmes et (b) la r\u00e9flexion li\u00e9e au r\u00f4le des \u00e9valuations des enseignements, aux formulaires utilis\u00e9s ainsi qu\u2019aux modalit\u00e9s de suivis propos\u00e9s;<\/li><li>Les orientations et le mode de fonctionnement du Fonds de p\u00e9dagogie universitaire (politique, modalit\u00e9s d\u2019attribution et participation au comit\u00e9 de s\u00e9lection).<\/li><\/ul><\/li><li>D\u2019orienter, de conseiller le SPUFAD, notamment en regard :<ul><li>Des formations offertes aux personnes enseignantes en fonction des collectes d\u2019information mises en place;<\/li><li>Des espaces et moments d\u2019\u00e9changes de pratiques (forums de discussion, communaut\u00e9s de pratiques, etc.);<\/li><li>Des retraites d\u2019\u00e9criture ENCR\u00c9;<\/li><li>Du maillage avec les Services \u00e0 la communaut\u00e9 \u00e9tudiante et la Biblioth\u00e8que de l\u2019UQAT;<\/li><li>De la veille en p\u00e9dagogie universitaire et formation \u00e0 distance.<\/li><\/ul><\/li><li>De conseiller le VRAR, notamment en regard :<ul><li>De l\u2019am\u00e9nagement des espaces li\u00e9s \u00e0 l\u2019enseignement;<\/li><li>Des technologies choisies et utilis\u00e9es dans l\u2019enseignement.<\/li><\/ul><\/li><\/ul><p>\u00a0<\/p><p id=\"yui_3_17_2_1_1757006554860_51\">Le comit\u00e9 produit un rapport annuel de ses activit\u00e9s et le pr\u00e9sente \u00e0 la commission des \u00e9tudes.<\/p><\/div><\/div><\/div>\t\t\t\t\t\t\t\t<\/div>\n\t\t\t\t<\/div>\n\t\t\t\t\t<\/div>\n\t\t\t\t<\/div>\n\t\t<div class=\"elementor-element elementor-element-8b26991 e-con-full e-flex e-con e-parent\" data-id=\"8b26991\" data-element_type=\"container\" data-e-type=\"container\" data-settings=\"{&quot;background_background&quot;:&quot;classic&quot;}\">\n\t\t\t\t<div class=\"elementor-element elementor-element-e66663e elementor-widget elementor-widget-heading\" data-id=\"e66663e\" data-element_type=\"widget\" data-e-type=\"widget\" data-widget_type=\"heading.default\">\n\t\t\t\t<div class=\"elementor-widget-container\">\n\t\t\t\t\t<h2 class=\"elementor-heading-title elementor-size-default\">Composition du comit\u00e9<\/h2>\t\t\t\t<\/div>\n\t\t\t\t<\/div>\n\t\t\t\t<div class=\"elementor-element elementor-element-c3043b0 elementor-widget elementor-widget-text-editor\" data-id=\"c3043b0\" data-element_type=\"widget\" data-e-type=\"widget\" data-widget_type=\"text-editor.default\">\n\t\t\t\t<div class=\"elementor-widget-container\">\n\t\t\t\t\t\t\t\t\t<div id=\"yui_3_17_2_1_1757006554860_67\" class=\"theme-text\"><div id=\"yui_3_17_2_1_1757006554860_66\" class=\"theme-text-inner align-none text- rounded0 gradient0 light\"><div id=\"yui_3_17_2_1_1757006554860_65\" class=\"theme-text-text upper0 fwglobal lhglobal\"><ul id=\"yui_3_17_2_1_1757006554860_64\"><li>Le doyen \u00e0 la gestion acad\u00e9mique;<\/li><li>2 membres du corps professoral par UER, \u00c9cole et Institut, dont 1 r\u00e9gulier qui assiste aux r\u00e9unions et 1 suppl\u00e9ant qui le remplace au besoin;<\/li><li>2 personnes charg\u00e9es de cours;<\/li><li>2 personnes repr\u00e9sentant le SPUFAD, 1 pour la p\u00e9dagogie universitaire et 1 pour la formation \u00e0 distance;<\/li><li>1 personne repr\u00e9sentant les Services \u00e0 la communaut\u00e9 \u00e9tudiante;<\/li><li>1 personne repr\u00e9sentant le Service Premiers Peuples;<\/li><li>1 personne repr\u00e9sentant la Biblioth\u00e8que;<\/li><li>1 personne repr\u00e9sentant le Service des technologies de l\u2019information;<\/li><li>1 personne repr\u00e9sentant le Service des ressources mat\u00e9rielles;<\/li><li id=\"yui_3_17_2_1_1757006554860_63\">2 personnes \u00e9tudiantes nomm\u00e9es par l\u2019AGEUQAT, 1 pour le 1<sup>er<\/sup> cycle et 1 pour les cycles sup\u00e9rieurs.<\/li><\/ul><\/div><\/div><\/div>\t\t\t\t\t\t\t\t<\/div>\n\t\t\t\t<\/div>\n\t\t\t\t<\/div>\n\t\t<div class=\"elementor-element elementor-element-574fb43 e-flex e-con-boxed e-con e-parent\" data-id=\"574fb43\" data-element_type=\"container\" data-e-type=\"container\">\n\t\t\t\t\t<div class=\"e-con-inner\">\n\t\t\t\t<div class=\"elementor-element elementor-element-2da0dad elementor-widget elementor-widget-spacer\" data-id=\"2da0dad\" data-element_type=\"widget\" data-e-type=\"widget\" data-widget_type=\"spacer.default\">\n\t\t\t\t<div class=\"elementor-widget-container\">\n\t\t\t\t\t\t\t<div class=\"elementor-spacer\">\n\t\t\t<div class=\"elementor-spacer-inner\"><\/div>\n\t\t<\/div>\n\t\t\t\t\t\t<\/div>\n\t\t\t\t<\/div>\n\t\t\t\t<div class=\"elementor-element elementor-element-6a10427 elementor-widget elementor-widget-heading\" data-id=\"6a10427\" data-element_type=\"widget\" data-e-type=\"widget\" data-widget_type=\"heading.default\">\n\t\t\t\t<div class=\"elementor-widget-container\">\n\t\t\t\t\t<h2 class=\"elementor-heading-title elementor-size-default\">Responsabilit\u00e9 du comit\u00e9<\/h2>\t\t\t\t<\/div>\n\t\t\t\t<\/div>\n\t\t\t\t<div class=\"elementor-element elementor-element-787836e elementor-widget elementor-widget-text-editor\" data-id=\"787836e\" data-element_type=\"widget\" data-e-type=\"widget\" data-widget_type=\"text-editor.default\">\n\t\t\t\t<div class=\"elementor-widget-container\">\n\t\t\t\t\t\t\t\t\t<div id=\"yui_3_17_2_1_1757006554860_71\" class=\"theme-text\"><div id=\"yui_3_17_2_1_1757006554860_70\" class=\"theme-text-inner align-none text- rounded0 gradient0 light\"><div id=\"yui_3_17_2_1_1757006554860_69\" class=\"theme-text-text  upper0 fwglobal lhglobal\"><p id=\"yui_3_17_2_1_1757006554860_68\">Le comit\u00e9 est sous la responsabilit\u00e9 du doyen \u00e0 la gestion acad\u00e9mique.<\/p><\/div><\/div><\/div>\t\t\t\t\t\t\t\t<\/div>\n\t\t\t\t<\/div>\n\t\t\t\t<div class=\"elementor-element elementor-element-996d2b3 elementor-widget elementor-widget-button\" data-id=\"996d2b3\" data-element_type=\"widget\" data-e-type=\"widget\" data-widget_type=\"button.default\">\n\t\t\t\t<div class=\"elementor-widget-container\">\n\t\t\t\t\t\t\t\t\t<div class=\"elementor-button-wrapper\">\n\t\t\t\t\t<a class=\"elementor-button elementor-button-link elementor-size-sm\" href=\"mailto:cynthia.dechamplain@uqat.ca\">\n\t\t\t\t\t\t<span class=\"elementor-button-content-wrapper\">\n\t\t\t\t\t\t<span class=\"elementor-button-icon\">\n\t\t\t\t<svg aria-hidden=\"true\" class=\"e-font-icon-svg e-far-envelope\" viewBox=\"0 0 512 512\" xmlns=\"http:\/\/www.w3.org\/2000\/svg\"><path d=\"M464 64H48C21.49 64 0 85.49 0 112v288c0 26.51 21.49 48 48 48h416c26.51 0 48-21.49 48-48V112c0-26.51-21.49-48-48-48zm0 48v40.805c-22.422 18.259-58.168 46.651-134.587 106.49-16.841 13.247-50.201 45.072-73.413 44.701-23.208.375-56.579-31.459-73.413-44.701C106.18 199.465 70.425 171.067 48 152.805V112h416zM48 400V214.398c22.914 18.251 55.409 43.862 104.938 82.646 21.857 17.205 60.134 55.186 103.062 54.955 42.717.231 80.509-37.199 103.053-54.947 49.528-38.783 82.032-64.401 104.947-82.653V400H48z\"><\/path><\/svg>\t\t\t<\/span>\n\t\t\t\t\t\t\t\t\t<span class=\"elementor-button-text\">Contacter la pr\u00e9sidente du comit\u00e9<\/span>\n\t\t\t\t\t<\/span>\n\t\t\t\t\t<\/a>\n\t\t\t\t<\/div>\n\t\t\t\t\t\t\t\t<\/div>\n\t\t\t\t<\/div>\n\t\t\t\t<div class=\"elementor-element elementor-element-c900be0 elementor-widget elementor-widget-spacer\" data-id=\"c900be0\" data-element_type=\"widget\" data-e-type=\"widget\" data-widget_type=\"spacer.default\">\n\t\t\t\t<div class=\"elementor-widget-container\">\n\t\t\t\t\t\t\t<div class=\"elementor-spacer\">\n\t\t\t<div class=\"elementor-spacer-inner\"><\/div>\n\t\t<\/div>\n\t\t\t\t\t\t<\/div>\n\t\t\t\t<\/div>\n\t\t\t\t\t<\/div>\n\t\t\t\t<\/div>\n\t\t<div class=\"elementor-element elementor-element-24678a5 e-flex e-con-boxed e-con e-parent\" data-id=\"24678a5\" data-element_type=\"container\" data-e-type=\"container\" data-settings=\"{&quot;background_background&quot;:&quot;classic&quot;}\">\n\t\t\t\t\t<div class=\"e-con-inner\">\n\t\t\t\t<div class=\"elementor-element elementor-element-e3aa8af elementor-widget elementor-widget-heading\" data-id=\"e3aa8af\" data-element_type=\"widget\" data-e-type=\"widget\" data-widget_type=\"heading.default\">\n\t\t\t\t<div class=\"elementor-widget-container\">\n\t\t\t\t\t<h2 class=\"elementor-heading-title elementor-size-default\">Membres actuels du comit\u00e9 (2025)<\/h2>\t\t\t\t<\/div>\n\t\t\t\t<\/div>\n\t\t\t\t<div class=\"elementor-element elementor-element-19903d1 elementor-widget elementor-widget-text-editor\" data-id=\"19903d1\" data-element_type=\"widget\" data-e-type=\"widget\" data-widget_type=\"text-editor.default\">\n\t\t\t\t<div class=\"elementor-widget-container\">\n\t\t\t\t\t\t\t\t\t<div id=\"yui_3_17_2_1_1757006554860_86\" class=\"theme-text\"><div id=\"yui_3_17_2_1_1757006554860_85\" class=\"theme-text-inner align-none text- rounded0 gradient0 light\"><div id=\"yui_3_17_2_1_1757006554860_84\" class=\"theme-text-text upper0 fwglobal lhglobal\"><ul id=\"yui_3_17_2_1_1757006554860_83\"><li><strong>Pr\u00e9sidente :<\/strong> Cynthia De Champlain, repr\u00e9sentante de l\u2019UER en sciences de la gestion<\/li><li><strong>Vice-pr\u00e9sidente :<\/strong> M\u00e9lanie Coupal, repr\u00e9sentante de l\u2019UER en sciences de la sant\u00e9<\/li><li>Pascal Gr\u00e9goire, doyen \u00e0 la gestion acad\u00e9mique<\/li><li>Ioana Radu, repr\u00e9sentante de l\u2019\u00c9cole d\u2019\u00e9tudes autochtones<\/li><li>Gabriel Pigeon, repr\u00e9sentant suppl\u00e9ant de l\u2019Institut de recherche sur les for\u00eats<\/li><li>Philippe Vaucher, repr\u00e9sentant de l\u2019UER en cr\u00e9ation et nouveaux m\u00e9dias<\/li><li>Ariane Julien, repr\u00e9sentante de l\u2019\u00c9cole de travail social<\/li><li>Vera Heller, repr\u00e9sentante suppl\u00e9ante de l\u2019\u00c9cole d\u2019art-th\u00e9rapie<\/li><li>Judy-Ann Connely, repr\u00e9sentante de l\u2019\u00c9cole de psycho\u00e9ducation<\/li><li>Jean-Marc Nolla, repr\u00e9sentant de l\u2019UER en sciences de l\u2019\u00e9ducation<\/li><li>Isabelle Rivest, repr\u00e9sentante du Service de p\u00e9dagogie universitaire et de formation \u00e0 distance<\/li><li>Kar\u00e8ne Richer, repr\u00e9sentante du Service de p\u00e9dagogie universitaire et de formation \u00e0 distance<\/li><li>M\u00e9lissa Marcil-B\u00e9dard, repr\u00e9sentante de la Biblioth\u00e8que<\/li><li>Patrick B\u00e9dard, repr\u00e9sentant du Service des technologies de l\u2019information<\/li><li>Cynthia Gaumond, repr\u00e9sentante des Services \u00e0 la communaut\u00e9 \u00e9tudiante<\/li><li>Massimiliano Zanoletti<em>, <\/em>\u00a0repr\u00e9sentant du SCCCUQAT<\/li><li>Francis Bouffard, repr\u00e9sentant suppl\u00e9ant du SCCCUQAT<\/li><li>Fr\u00e9d\u00e9rique Cornellier, repr\u00e9sentante du Service Mamawi Mikimodan<\/li><li>Abdelkabir Maqsoud, repr\u00e9sentant de l\u2019Institut de recherche en mines et environnement<\/li><li>Th\u00e9ophile Mbuyi Tshibangu, repr\u00e9sentant \u00e9tudiant aux cycles sup\u00e9rieurs (AGEUQAT)<\/li><li>Imen Mahmoudi, repr\u00e9sentante \u00e9tudiante au premier cycle, (AGEUQAT)<\/li><li>Marc Boucher, repr\u00e9sentant du Service des approvisionnements<\/li><li>Walid Ghi\u00e9, repr\u00e9sentant de l\u2019\u00c9cole de g\u00e9nie<\/li><\/ul><\/div><\/div><\/div>\t\t\t\t\t\t\t\t<\/div>\n\t\t\t\t<\/div>\n\t\t\t\t\t<\/div>\n\t\t\t\t<\/div>\n\t\t\t\t<\/div>\n\t\t","protected":false},"excerpt":{"rendered":"<p>Mission du comit\u00e9 Le comit\u00e9 de valorisation de l\u2019enseignement a pour mission la valorisation et la reconnaissance du personnel enseignant, de l\u2019enseignement et de la formation, et le d\u00e9veloppement des connaissances et comp\u00e9tences en p\u00e9dagogie universitaire \u00e0 l\u2019UQAT. R\u00f4les et mandats du comit\u00e9 Le comit\u00e9 de valorisation de l\u2019enseignement est une instance institutionnelle qui a [&hellip;]<\/p>\n","protected":false},"author":1,"featured_media":589,"parent":0,"menu_order":0,"comment_status":"closed","ping_status":"closed","template":"","meta":{"footnotes":""},"class_list":["post-587","page","type-page","status-publish","has-post-thumbnail","hentry"],"_links":{"self":[{"href":"https:\/\/enseigner.uqat.ca\/index.php?rest_route=\/wp\/v2\/pages\/587","targetHints":{"allow":["GET"]}}],"collection":[{"href":"https:\/\/enseigner.uqat.ca\/index.php?rest_route=\/wp\/v2\/pages"}],"about":[{"href":"https:\/\/enseigner.uqat.ca\/index.php?rest_route=\/wp\/v2\/types\/page"}],"author":[{"embeddable":true,"href":"https:\/\/enseigner.uqat.ca\/index.php?rest_route=\/wp\/v2\/users\/1"}],"replies":[{"embeddable":true,"href":"https:\/\/enseigner.uqat.ca\/index.php?rest_route=%2Fwp%2Fv2%2Fcomments&post=587"}],"version-history":[{"count":14,"href":"https:\/\/enseigner.uqat.ca\/index.php?rest_route=\/wp\/v2\/pages\/587\/revisions"}],"predecessor-version":[{"id":4109,"href":"https:\/\/enseigner.uqat.ca\/index.php?rest_route=\/wp\/v2\/pages\/587\/revisions\/4109"}],"wp:featuredmedia":[{"embeddable":true,"href":"https:\/\/enseigner.uqat.ca\/index.php?rest_route=\/wp\/v2\/media\/589"}],"wp:attachment":[{"href":"https:\/\/enseigner.uqat.ca\/index.php?rest_route=%2Fwp%2Fv2%2Fmedia&parent=587"}],"curies":[{"name":"wp","href":"https:\/\/api.w.org\/{rel}","templated":true}]}}