{"id":599,"date":"2025-09-04T19:55:23","date_gmt":"2025-09-04T17:55:23","guid":{"rendered":"https:\/\/enseigner-dev.uqat.ca\/?page_id=599"},"modified":"2025-12-22T20:42:56","modified_gmt":"2025-12-22T19:42:56","slug":"journees-de-lenseignement-universitaire-jeu","status":"publish","type":"page","link":"https:\/\/enseigner.uqat.ca\/?page_id=599","title":{"rendered":"Journ\u00e9es de l\u2019enseignement universitaire (JEU)"},"content":{"rendered":"\t\t<div data-elementor-type=\"wp-page\" data-elementor-id=\"599\" class=\"elementor elementor-599\" data-elementor-post-type=\"page\">\n\t\t\t\t<div class=\"elementor-element elementor-element-8db0eec e-flex e-con-boxed e-con e-parent\" data-id=\"8db0eec\" data-element_type=\"container\" data-e-type=\"container\">\n\t\t\t\t\t<div class=\"e-con-inner\">\n\t\t<div class=\"elementor-element elementor-element-e0851c0 e-con-full e-flex e-con e-child\" data-id=\"e0851c0\" data-element_type=\"container\" data-e-type=\"container\">\n\t\t\t\t<div class=\"elementor-element elementor-element-bdccf93 elementor-widget elementor-widget-text-editor\" data-id=\"bdccf93\" data-element_type=\"widget\" data-e-type=\"widget\" data-widget_type=\"text-editor.default\">\n\t\t\t\t<div class=\"elementor-widget-container\">\n\t\t\t\t\t\t\t\t\t<div id=\"yui_3_17_2_1_1757007751795_23\" class=\"theme-text\"><div id=\"yui_3_17_2_1_1757007751795_22\" class=\"theme-text-inner align-none text- rounded0 gradient0 light\"><div id=\"yui_3_17_2_1_1757007751795_21\" class=\"theme-text-text upper0 fwglobal lhglobal\"><p id=\"yui_3_17_2_1_1757007751795_20\">Organis\u00e9 aux deux ans par les \u00e9quipes du D\u00e9canat \u00e0 la gestion acad\u00e9mique et du Service de p\u00e9dagogie universitaire et de formation \u00e0 distance (SPUFAD), cet \u00e9v\u00e8nement est de valoriser et de reconna\u00eetre publiquement la qualit\u00e9 de l\u2019enseignement du personnel enseignant, de mettre de l\u2019avant des pratiques innovantes en enseignement ainsi que favoriser les rencontres et le partage de meilleures pratiques.<\/p><\/div><\/div><\/div>\t\t\t\t\t\t\t\t<\/div>\n\t\t\t\t<\/div>\n\t\t\t\t<\/div>\n\t\t<div class=\"elementor-element elementor-element-2d6c581 e-con-full e-flex e-con e-child\" data-id=\"2d6c581\" data-element_type=\"container\" data-e-type=\"container\">\n\t\t\t\t<div class=\"elementor-element elementor-element-984dac1 elementor-widget elementor-widget-image\" data-id=\"984dac1\" data-element_type=\"widget\" data-e-type=\"widget\" data-widget_type=\"image.default\">\n\t\t\t\t<div class=\"elementor-widget-container\">\n\t\t\t\t\t\t\t\t\t\t\t\t\t\t\t<img fetchpriority=\"high\" decoding=\"async\" width=\"800\" height=\"257\" src=\"https:\/\/enseigner.uqat.ca\/wp-content\/uploads\/2025\/09\/JEU-1024x329.jpg\" class=\"attachment-large size-large wp-image-601\" alt=\"\" srcset=\"https:\/\/enseigner.uqat.ca\/wp-content\/uploads\/2025\/09\/JEU-1024x329.jpg 1024w, https:\/\/enseigner.uqat.ca\/wp-content\/uploads\/2025\/09\/JEU-300x96.jpg 300w, https:\/\/enseigner.uqat.ca\/wp-content\/uploads\/2025\/09\/JEU-768x247.jpg 768w, https:\/\/enseigner.uqat.ca\/wp-content\/uploads\/2025\/09\/JEU-1536x494.jpg 1536w, https:\/\/enseigner.uqat.ca\/wp-content\/uploads\/2025\/09\/JEU-2048x658.jpg 2048w\" sizes=\"(max-width: 800px) 100vw, 800px\" \/>\t\t\t\t\t\t\t\t\t\t\t\t\t\t\t<\/div>\n\t\t\t\t<\/div>\n\t\t\t\t<\/div>\n\t\t\t\t\t<\/div>\n\t\t\t\t<\/div>\n\t\t<div class=\"elementor-element elementor-element-ad24298 e-flex e-con-boxed e-con e-parent\" data-id=\"ad24298\" data-element_type=\"container\" data-e-type=\"container\">\n\t\t\t\t\t<div class=\"e-con-inner\">\n\t\t\t\t<div class=\"elementor-element elementor-element-6f96724 elementor-widget elementor-widget-text-editor\" data-id=\"6f96724\" data-element_type=\"widget\" data-e-type=\"widget\" data-widget_type=\"text-editor.default\">\n\t\t\t\t<div class=\"elementor-widget-container\">\n\t\t\t\t\t\t\t\t\t<p>Principalement destin\u00e9es aux membres du corps enseignant de l\u2019UQAT, ces Journ\u00e9es s\u2019adressent \u00e9galement \u00e0 tous les autres membres de la communaut\u00e9 universitaire ainsi qu\u2019\u00e0 toutes les personnes int\u00e9ress\u00e9es par les th\u00e9matiques abord\u00e9es.<\/p><p id=\"yui_3_17_2_1_1757007751795_38\">Bienvenue \u00e0 toutes et \u00e0 tous!<\/p><p><a href=\"https:\/\/www.uqat.ca\/journeesenseignement\/\">Acc\u00e9der au site des JEU<\/a><\/p>\t\t\t\t\t\t\t\t<\/div>\n\t\t\t\t<\/div>\n\t\t\t\t\t<\/div>\n\t\t\t\t<\/div>\n\t\t\t\t<\/div>\n\t\t","protected":false},"excerpt":{"rendered":"<p>Organis\u00e9 aux deux ans par les \u00e9quipes du D\u00e9canat \u00e0 la gestion acad\u00e9mique et du Service de p\u00e9dagogie universitaire et de formation \u00e0 distance (SPUFAD), cet \u00e9v\u00e8nement est de valoriser et de reconna\u00eetre publiquement la qualit\u00e9 de l\u2019enseignement du personnel enseignant, de mettre de l\u2019avant des pratiques innovantes en enseignement ainsi que favoriser les rencontres [&hellip;]<\/p>\n","protected":false},"author":1,"featured_media":0,"parent":0,"menu_order":0,"comment_status":"closed","ping_status":"closed","template":"","meta":{"footnotes":""},"class_list":["post-599","page","type-page","status-publish","hentry"],"_links":{"self":[{"href":"https:\/\/enseigner.uqat.ca\/index.php?rest_route=\/wp\/v2\/pages\/599","targetHints":{"allow":["GET"]}}],"collection":[{"href":"https:\/\/enseigner.uqat.ca\/index.php?rest_route=\/wp\/v2\/pages"}],"about":[{"href":"https:\/\/enseigner.uqat.ca\/index.php?rest_route=\/wp\/v2\/types\/page"}],"author":[{"embeddable":true,"href":"https:\/\/enseigner.uqat.ca\/index.php?rest_route=\/wp\/v2\/users\/1"}],"replies":[{"embeddable":true,"href":"https:\/\/enseigner.uqat.ca\/index.php?rest_route=%2Fwp%2Fv2%2Fcomments&post=599"}],"version-history":[{"count":11,"href":"https:\/\/enseigner.uqat.ca\/index.php?rest_route=\/wp\/v2\/pages\/599\/revisions"}],"predecessor-version":[{"id":2601,"href":"https:\/\/enseigner.uqat.ca\/index.php?rest_route=\/wp\/v2\/pages\/599\/revisions\/2601"}],"wp:attachment":[{"href":"https:\/\/enseigner.uqat.ca\/index.php?rest_route=%2Fwp%2Fv2%2Fmedia&parent=599"}],"curies":[{"name":"wp","href":"https:\/\/api.w.org\/{rel}","templated":true}]}}