{"id":633,"date":"2025-09-09T16:53:22","date_gmt":"2025-09-09T14:53:22","guid":{"rendered":"https:\/\/enseigner-dev.uqat.ca\/?page_id=633"},"modified":"2026-04-13T20:58:53","modified_gmt":"2026-04-13T18:58:53","slug":"elementor-page-633","status":"publish","type":"page","link":"https:\/\/enseigner.uqat.ca\/?page_id=633","title":{"rendered":"Notre offre de perfectionnement"},"content":{"rendered":"\t\t<div data-elementor-type=\"wp-page\" data-elementor-id=\"633\" class=\"elementor elementor-633\" data-elementor-post-type=\"page\">\n\t\t\t\t<div class=\"elementor-element elementor-element-ebd970a e-flex e-con-boxed e-con e-parent\" data-id=\"ebd970a\" data-element_type=\"container\" data-e-type=\"container\">\n\t\t\t\t\t<div class=\"e-con-inner\">\n\t\t\t\t<div class=\"elementor-element elementor-element-a9f0609 elementor-widget elementor-widget-heading\" data-id=\"a9f0609\" data-element_type=\"widget\" data-e-type=\"widget\" data-widget_type=\"heading.default\">\n\t\t\t\t<div class=\"elementor-widget-container\">\n\t\t\t\t\t<h2 class=\"elementor-heading-title elementor-size-default\">Activit\u00e9s de perfectionnement programm\u00e9es<\/h2>\t\t\t\t<\/div>\n\t\t\t\t<\/div>\n\t\t\t\t\t<\/div>\n\t\t\t\t<\/div>\n\t\t<div class=\"elementor-element elementor-element-f8897b3 e-flex e-con-boxed e-con e-parent\" data-id=\"f8897b3\" data-element_type=\"container\" data-e-type=\"container\">\n\t\t\t\t\t<div class=\"e-con-inner\">\n\t\t\t\t<div class=\"elementor-element elementor-element-99ab137 elementor-widget elementor-widget-text-editor\" data-id=\"99ab137\" data-element_type=\"widget\" data-e-type=\"widget\" data-widget_type=\"text-editor.default\">\n\t\t\t\t<div class=\"elementor-widget-container\">\n\t\t\t\t\t\t\t\t\t<p id=\"yui_3_17_2_1_1757429582884_38\">Chaque session, le SPUFAD offre des activit\u00e9s de perfectionnement apparaissant dans <a href=\"https:\/\/enseigner.uqat.ca\/?page_id=2507\">notre calendrier<\/a>. Certaines reviennent r\u00e9guli\u00e8rement alors que d\u2019autres sont plus ponctuelles. Voici la liste des activit\u00e9s ou th\u00e9matiques qui sont r\u00e9currentes :<\/p>\n<strong><u>\u00c0 toutes les sessions d\u2019automne et d\u2019hiver<\/u><\/strong>\n<ul>\n \t<li>Enseigner \u00e0 l\u2019UQAT 101 : Planifier son cours<\/li>\n \t<li>Enseigner \u00e0 l\u2019UQAT 101 : \u00c9laborer des activit\u00e9s d\u2019apprentissage dans un climat de classe favorable<\/li>\n \t<li>Enseigner \u00e0 l\u2019UQAT 101 : B\u00e2tir et g\u00e9rer son cours dans Moodle<\/li>\n \t<li>Enseigner \u00e0 l\u2019UQAT 101 : \u00c9valuer les apprentissages<\/li><\/p>\n<\/ul>\n<strong><u>\u00c0 toutes les sessions d\u2019automne<\/u><\/strong>\n<ul>\n \t<li>Atelier en pr\u00e9sence en tourn\u00e9e dans les diff\u00e9rents centres et campus (th\u00e9matique variable)<\/li>\n \t<li>Atelier sur le th\u00e8me des technologies \u00e9ducatives<\/li>\n \t<li>Partage p\u00e9dagogique : les projets financ\u00e9s par le Fonds de p\u00e9dagogie universitaire (FPU)<\/li><\/p>\n<\/ul>\n<strong><u>\u00c0 toutes les sessions d\u2019\u00e9t\u00e9<\/u><\/strong>\n<ul>\n \t<li>L\u2019encadrement aux cycles sup\u00e9rieurs<\/li><\/p>\n<\/ul>\n<u><strong>Une ann\u00e9e sur deux, \u00e0 l\u2019automne ou \u00e0 l\u2019hiver<\/strong>\n<\/u>\n<ul>\n \t<li>Le design p\u00e9dagogique en enseignement comodal<\/li>\n \t<li>Le design p\u00e9dagogique en formation \u00e0 distance asynchrone<\/li>\n \t<li>Les grilles d\u2019\u00e9valuation<\/li>\n \t<li>Activit\u00e9 sur le th\u00e8me de la p\u00e9dagogie inclusive<\/li>\n \t<li>Activit\u00e9 sur le th\u00e8me des \u00e9tudiant\u00b7e\u00b7s de l\u2019international<\/li>\n<\/ul>\n<p id=\"yui_3_17_2_1_1757429582884_39\"><\/p>Notez que dans le souci de rejoindre toutes les personnes enseignantes, quel que soit leur centre ou campus d\u2019attache, nos activit\u00e9s sont g\u00e9n\u00e9ralement offertes \u00e0 distance.<\/p>\t\t\t\t\t\t\t\t<\/div>\n\t\t\t\t<\/div>\n\t\t\t\t\t<\/div>\n\t\t\t\t<\/div>\n\t\t<div class=\"elementor-element elementor-element-48f0803 e-flex e-con-boxed e-con e-parent\" data-id=\"48f0803\" data-element_type=\"container\" data-e-type=\"container\" data-settings=\"{&quot;background_background&quot;:&quot;classic&quot;}\">\n\t\t\t\t\t<div class=\"e-con-inner\">\n\t\t\t\t<div class=\"elementor-element elementor-element-40fc275 elementor-widget elementor-widget-heading\" data-id=\"40fc275\" data-element_type=\"widget\" data-e-type=\"widget\" data-widget_type=\"heading.default\">\n\t\t\t\t<div class=\"elementor-widget-container\">\n\t\t\t\t\t<h2 class=\"elementor-heading-title elementor-size-default\">Nos formules d\u2019activit\u00e9<\/h2>\t\t\t\t<\/div>\n\t\t\t\t<\/div>\n\t\t\t\t<div class=\"elementor-element elementor-element-dfe1483 elementor-widget elementor-widget-text-editor\" data-id=\"dfe1483\" data-element_type=\"widget\" data-e-type=\"widget\" data-widget_type=\"text-editor.default\">\n\t\t\t\t<div class=\"elementor-widget-container\">\n\t\t\t\t\t\t\t\t\tLe SPUFAD offre diff\u00e9rents types d\u2019activit\u00e9s :\n<ul>\n \t<li><strong>Formation<\/strong> : Activit\u00e9 de perfectionnement g\u00e9n\u00e9ralement courte (1h \u00e0 1h30) en grande partie magistrale.<\/li>\n \t<li><strong>Atelier <\/strong><b>de formation<\/b> : Activit\u00e9 de perfectionnement g\u00e9n\u00e9ralement plus longue (2h ou plus) o\u00f9 les personnes participantes sont actives la plupart du temps.<\/li>\n \t<li><strong>Conf\u00e9rence<\/strong> : Donn\u00e9e par une personne experte invit\u00e9e (ne travaillant pas pour le SPUFAD).<\/li>\n \t<li><strong>Partage p\u00e9dagogique<\/strong> : Partage de pratiques par des personnes enseignantes de l\u2019UQAT.<\/li>\n \t<li><strong>Clinique p\u00e9dagogique<\/strong> : Coconstruction de solutions par les personnes participantes autour d\u2019un enjeu (essentiellement offert sur demande).<\/li><\/p>\n<\/ul>\nNotez que la participation des personnes charg\u00e9es de cours \u00e0 nos formations et \u00e0 nos ateliers de formation peut \u00eatre r\u00e9mun\u00e9r\u00e9e en vertu de la <a href=\"https:\/\/monsymbiose.uqat.ca\/services\/ressources-humaines\/soutien-a-la-vie-employe\/perfectionnement\/chargees-et-charges-de-cours\">politique de perfectionnement<\/a>.\t\t\t\t\t\t\t\t<\/div>\n\t\t\t\t<\/div>\n\t\t\t\t\t<\/div>\n\t\t\t\t<\/div>\n\t\t<div class=\"elementor-element elementor-element-3cc7ba0 e-flex e-con-boxed e-con e-parent\" data-id=\"3cc7ba0\" data-element_type=\"container\" data-e-type=\"container\" data-settings=\"{&quot;background_background&quot;:&quot;classic&quot;}\">\n\t\t\t\t\t<div class=\"e-con-inner\">\n\t\t\t\t<div class=\"elementor-element elementor-element-5c1e2e3 elementor-widget elementor-widget-heading\" data-id=\"5c1e2e3\" data-element_type=\"widget\" data-e-type=\"widget\" data-widget_type=\"heading.default\">\n\t\t\t\t<div class=\"elementor-widget-container\">\n\t\t\t\t\t<h2 class=\"elementor-heading-title elementor-size-default\">Activit\u00e9s offertes sur demande<\/h2>\t\t\t\t<\/div>\n\t\t\t\t<\/div>\n\t\t\t\t<div class=\"elementor-element elementor-element-7782f93 elementor-widget elementor-widget-text-editor\" data-id=\"7782f93\" data-element_type=\"widget\" data-e-type=\"widget\" data-widget_type=\"text-editor.default\">\n\t\t\t\t<div class=\"elementor-widget-container\">\n\t\t\t\t\t\t\t\t\tLe SPUFAD offre \u00e9galement des activit\u00e9s de perfectionnement sur demande \u00e0 des groupes de personnes enseignantes. Par exemple, nous pouvons offrir un atelier sur l\u2019encadrement aux cycles sup\u00e9rieurs ou encore une clinique p\u00e9dagogique sur l\u2019int\u00e9grit\u00e9 intellectuelle dans un contexte d\u2019intelligence artificielle. <a href=\"https:\/\/enseigner.uqat.ca\/?page_id=110\"><\/p>Contactez-nous<\/a> pour nous faire part de vos besoins.\t\t\t\t\t\t\t\t<\/div>\n\t\t\t\t<\/div>\n\t\t\t\t\t<\/div>\n\t\t\t\t<\/div>\n\t\t\t\t<\/div>\n\t\t","protected":false},"excerpt":{"rendered":"<p>Activit\u00e9s de perfectionnement programm\u00e9es Chaque session, le SPUFAD offre des activit\u00e9s de perfectionnement apparaissant dans notre calendrier. Certaines reviennent r\u00e9guli\u00e8rement alors que d\u2019autres sont plus ponctuelles. Voici la liste des activit\u00e9s ou th\u00e9matiques qui sont r\u00e9currentes : \u00c0 toutes les sessions d\u2019automne et d\u2019hiver Enseigner \u00e0 l\u2019UQAT 101 : Planifier son cours Enseigner \u00e0 l\u2019UQAT [&hellip;]<\/p>\n","protected":false},"author":1,"featured_media":0,"parent":0,"menu_order":0,"comment_status":"closed","ping_status":"closed","template":"","meta":{"footnotes":""},"class_list":["post-633","page","type-page","status-publish","hentry"],"_links":{"self":[{"href":"https:\/\/enseigner.uqat.ca\/index.php?rest_route=\/wp\/v2\/pages\/633","targetHints":{"allow":["GET"]}}],"collection":[{"href":"https:\/\/enseigner.uqat.ca\/index.php?rest_route=\/wp\/v2\/pages"}],"about":[{"href":"https:\/\/enseigner.uqat.ca\/index.php?rest_route=\/wp\/v2\/types\/page"}],"author":[{"embeddable":true,"href":"https:\/\/enseigner.uqat.ca\/index.php?rest_route=\/wp\/v2\/users\/1"}],"replies":[{"embeddable":true,"href":"https:\/\/enseigner.uqat.ca\/index.php?rest_route=%2Fwp%2Fv2%2Fcomments&post=633"}],"version-history":[{"count":29,"href":"https:\/\/enseigner.uqat.ca\/index.php?rest_route=\/wp\/v2\/pages\/633\/revisions"}],"predecessor-version":[{"id":4068,"href":"https:\/\/enseigner.uqat.ca\/index.php?rest_route=\/wp\/v2\/pages\/633\/revisions\/4068"}],"wp:attachment":[{"href":"https:\/\/enseigner.uqat.ca\/index.php?rest_route=%2Fwp%2Fv2%2Fmedia&parent=633"}],"curies":[{"name":"wp","href":"https:\/\/api.w.org\/{rel}","templated":true}]}}